{"id":125,"date":"2024-11-29T12:28:08","date_gmt":"2024-11-29T12:28:08","guid":{"rendered":"https:\/\/mensagensdobem.com.br\/?page_id=125"},"modified":"2024-11-29T12:28:09","modified_gmt":"2024-11-29T12:28:09","slug":"terms","status":"publish","type":"page","link":"https:\/\/mensagensdobem.com.br\/de\/terms\/","title":{"rendered":"Nutzungsbedingungen \u2013 Messages of Good"},"content":{"rendered":"<div class=\"mx-5 sm:mx-0 prose leading-relaxed text-lg mb-5 text-left wp-paragraph\">\n<p>Aktualisiert am 29. November 2024.<\/p>\n<\/div><div class=\"mx-5 sm:mx-0 prose leading-relaxed text-lg mb-5 text-left wp-paragraph\">\n<p>Mensagens do Bem ist die Verwaltungsgesellschaft seiner eigenen Website, die \u00fcber den Link <a style=\" color:;\" href=\"https:\/\/mensagensdobem.com.br\/de\/\">https:\/\/mensagensdobem.com.br<\/a>. Wenn wir \u201ewir\u201c oder \u201eunser\u201c sagen, beziehen wir uns auf das Verwaltungsteam von Mensagens do Bem. Das Portal bietet eine gro\u00dfe Vielfalt an Informationen, Diensten und Inhalten. Der Zugriff darauf setzt die vollst\u00e4ndige Zustimmung zu unseren Bedingungen und Richtlinien voraus.<\/p>\n<\/div><div class=\"mx-5 sm:mx-0 prose leading-relaxed text-lg mb-5 text-left wp-paragraph\">\n<p>Die Site gilt als wichtige Quelle im digitalen Raum und bietet Bildungsinhalte und ausf\u00fchrliche Testberichte zu zahlreichen Produkten und Dienstleistungen, darunter Wissenswertes, aktuelle Ereignisse, Gesundheitstipps und Unterhaltung aus lokalen und internationalen Quellen.<\/p>\n<\/div><div class=\"mx-5 sm:mx-0 prose leading-relaxed text-lg mb-5 text-left wp-paragraph\">\n<p>Wir weisen darauf hin, dass die Interaktion mit dieser Website die Annahme der Nutzungsbedingungen und Datenschutzbestimmungen erfordert, die unter folgender Adresse abrufbar sind: <a style=\" color:;\" href=\"https:\/\/mensagensdobem.com.br\/de\/privacy\/\">https:\/\/mensagensdobem.com.br\/privacy\/<\/a>, gem\u00e4\u00df den einschl\u00e4gigen Rechtsvorschriften.<\/p>\n<\/div><div class=\"mx-5 sm:mx-0 prose leading-relaxed text-lg mb-5 text-left wp-paragraph\">\n<p>Die hier aufgef\u00fchrten Allgemeinen Nutzungsbedingungen dienen der Klarstellung der Verantwortlichkeiten, Pflichten und Rechte aller Benutzer, die die Website Mensagens do Brm erkunden oder verwenden, wie im Folgenden ausf\u00fchrlich erl\u00e4utert wird.<\/p>\n<\/div><div class=\"mx-5 sm:mx-0 prose leading-relaxed text-lg mb-5 text-left wp-paragraph\">\n<p>Es ist wichtig, dass Sie die Nutzungsbedingungen sorgf\u00e4ltig lesen, bevor Sie fortfahren. Wenn Sie mit den dargestellten Bedingungen nicht einverstanden sind, bitten wir Sie, die Dienste von Mensagens do Bem nicht zu nutzen.<\/p>\n<\/div><!--advertisement--><div class=\"mx-5 sm:mx-0 sm:text-3xl text-2xl font-medium title-font mb-4 text-gray-900 text-left\">\n<h2 class=\"wp-block-heading\"><strong>Abschnitt I \u2013 Zugang und Nutzung von Mensagens do Bem<\/strong><\/h2>\n<\/div><div class=\"mx-5 sm:mx-0 prose leading-relaxed text-lg mb-5 text-left wp-paragraph\">\n<p>1.1 Indem Sie die Website von Mensagens do Bem durchsuchen und mit ihr interagieren, erkl\u00e4ren Sie sich als Benutzer mit den Allgemeinen Nutzungsbedingungen sowie der Datenschutzrichtlinie der Website einverstanden.<\/p>\n<\/div><div class=\"mx-5 sm:mx-0 prose leading-relaxed text-lg mb-5 text-left wp-paragraph\">\n<p>1.2 Indem Sie Mensagens do Bem nutzen, erkl\u00e4ren Sie, dass Sie mindestens 18 Jahre alt sind und die Rechtsf\u00e4higkeit besitzen, diese Nutzungsbedingungen zu akzeptieren und einzuhalten.<\/p>\n<\/div><div class=\"mx-5 sm:mx-0 prose leading-relaxed text-lg mb-5 text-left wp-paragraph\">\n<p>1.3 Wenn Sie die erforderlichen Alters- oder Gesch\u00e4ftsf\u00e4higkeitsanforderungen nicht erf\u00fcllen oder mit den Nutzungsbedingungen nicht einverstanden sind, d\u00fcrfen Sie nicht auf Mensagens do Bem sowie alle anderen damit verbundenen Websites oder Dienste zugreifen und diese nutzen.<\/p>\n<\/div><!--advertisement--><div class=\"mx-5 sm:mx-0 sm:text-3xl text-2xl font-medium title-font mb-4 text-gray-900 text-left\">\n<h2 class=\"wp-block-heading\"><strong>Abschnitt II \u2013 Direkte Kommunikationskan\u00e4le<\/strong><\/h2>\n<\/div><div class=\"mx-5 sm:mx-0 prose leading-relaxed text-lg mb-5 text-left wp-paragraph\">\n<p>2.1 Mensagens do Bem bietet einen Benutzer-Supportservice f\u00fcr Erl\u00e4uterungen, Probleml\u00f6sungen, das Einreichen von Beschwerden oder das Einholen zus\u00e4tzlicher Informationen zu den auf der Website verf\u00fcgbaren Produkten und Dienstleistungen an.<\/p>\n<\/div><div class=\"mx-5 sm:mx-0 prose leading-relaxed text-lg mb-5 text-left wp-paragraph\">\n<p>2.2 Um mit uns Kontakt aufzunehmen, m\u00fcssen Benutzer das Formular ausf\u00fcllen, das unter der folgenden Adresse verf\u00fcgbar ist: <a style=\" color:;\" href=\"https:\/\/mensagensdobem.com.br\/de\/contact\/\">https:\/\/mensagensdobem.com.br\/contact\/<\/a>.&nbsp;<\/p>\n<\/div><!--advertisement--><div class=\"mx-5 sm:mx-0 sm:text-3xl text-2xl font-medium title-font mb-4 text-gray-900 text-left\">\n<h2 class=\"wp-block-heading\"><strong>Abschnitt III \u2013 Pflichten und Verantwortlichkeiten<\/strong><\/h2>\n<\/div><div class=\"mx-5 sm:mx-0 prose leading-relaxed text-lg mb-5 text-left wp-paragraph\">\n<p>3.1 Einhaltung der Bedingungen und Datenschutzbestimmungen<\/p>\n<\/div><div class=\"mx-5 sm:mx-0 prose leading-relaxed text-lg mb-5 text-left wp-paragraph\">\n<p>Durch die Nutzung von Mensagens do Bem best\u00e4tigen Sie, dass Sie alle Gesch\u00e4ftsbedingungen sowie die Datenschutzrichtlinie der Website gelesen, verstanden und akzeptiert haben.<\/p>\n<\/div><div class=\"mx-5 sm:mx-0 prose leading-relaxed text-lg mb-5 text-left wp-paragraph\">\n<p>3.2 Links zu Websites Dritter<\/p>\n<\/div><div class=\"mx-5 sm:mx-0 prose leading-relaxed text-lg mb-5 text-left wp-paragraph\">\n<p>Mensagens do Bem bietet Links zu externen Websites, die Dienste oder Produkte von Partnern enthalten k\u00f6nnen. Diese Links werden ohne direkte Verwaltung dieser Transaktionen durch Mensagens do Bem bereitgestellt.<\/p>\n<\/div><div class=\"mx-5 sm:mx-0 prose leading-relaxed text-lg mb-5 text-left wp-paragraph\">\n<p>3.3 Bedingungen f\u00fcr Partnerseiten<\/p>\n<\/div><div class=\"mx-5 sm:mx-0 prose leading-relaxed text-lg mb-5 text-left wp-paragraph\">\n<p>Wenn Sie \u00fcber Mensagens do Bem auf Partnerseiten zugreifen, m\u00fcssen Sie den f\u00fcr diese externen Seiten geltenden Nutzungsbedingungen und Datenschutzrichtlinien zustimmen.<\/p>\n<\/div><div class=\"mx-5 sm:mx-0 prose leading-relaxed text-lg mb-5 text-left wp-paragraph\">\n<p>3.4 Haftungsausschluss f\u00fcr Inhalte Dritter<\/p>\n<\/div><div class=\"mx-5 sm:mx-0 prose leading-relaxed text-lg mb-5 text-left wp-paragraph\">\n<p>Mensagens do Bem ist weder f\u00fcr die Informationen, Bedingungen oder Richtlinien von Produkten und Dienstleistungen Dritter noch f\u00fcr mit diesen Unternehmen durchgef\u00fchrte Transaktionen verantwortlich.<\/p>\n<\/div><div class=\"mx-5 sm:mx-0 prose leading-relaxed text-lg mb-5 text-left wp-paragraph\">\n<p>3.5 Schutz vor Schadsoftware<\/p>\n<\/div><div class=\"mx-5 sm:mx-0 prose leading-relaxed text-lg mb-5 text-left wp-paragraph\">\n<p>Mensagens do Bem ist nicht f\u00fcr Sch\u00e4den verantwortlich, die durch Viren oder andere Schadsoftware verursacht werden, die beim Surfen auf der Website auftreten k\u00f6nnen. Es wird empfohlen, aktuelle Sicherheitssoftware zu verwenden.<\/p>\n<\/div><div class=\"mx-5 sm:mx-0 prose leading-relaxed text-lg mb-5 text-left wp-paragraph\">\n<p>3.6 Haftungsbeschr\u00e4nkung<\/p>\n<\/div><div class=\"mx-5 sm:mx-0 prose leading-relaxed text-lg mb-5 text-left wp-paragraph\">\n<p>Mensagens do Bem ist nicht verantwortlich f\u00fcr Sch\u00e4den, die durch unsachgem\u00e4\u00dfe Nutzung der Website oder in F\u00e4llen h\u00f6herer Gewalt entstehen.<\/p>\n<\/div><div class=\"mx-5 sm:mx-0 prose leading-relaxed text-lg mb-5 text-left wp-paragraph\">\n<p>3.7 Finanztransaktionen<\/p>\n<\/div><div class=\"mx-5 sm:mx-0 prose leading-relaxed text-lg mb-5 text-left wp-paragraph\">\n<p>Mensagens do Bem verlangt f\u00fcr die Ausgabe jeglicher Finanzprodukte keine Zahlungen, Einlagen oder Bank\u00fcberweisungen.<\/p>\n<\/div><div class=\"mx-5 sm:mx-0 prose leading-relaxed text-lg mb-5 text-left wp-paragraph\">\n<p>3.8 Sicherheitswarnungen<\/p>\n<\/div><div class=\"mx-5 sm:mx-0 prose leading-relaxed text-lg mb-5 text-left wp-paragraph\">\n<p>Wir versenden keine E-Mails mit der Aufforderung zur Eingabe pers\u00f6nlicher Daten oder Registrierungen oder mit ausf\u00fchrbaren Anh\u00e4ngen. Sollten Sie derartige E-Mails erhalten, melden Sie diese bitte \u00fcber unser Kontaktformular unter <a style=\" color:;\" href=\"https:\/\/mensagensdobem.com.br\/de\/contact\/\">https:\/\/mensagensdobem.com.br\/contact\/<\/a>.&nbsp;<\/p>\n<\/div><!--advertisement--><div class=\"mx-5 sm:mx-0 sm:text-3xl text-2xl font-medium title-font mb-4 text-gray-900 text-left\">\n<h2 class=\"wp-block-heading\"><strong>Abschnitt IV \u2013 Verhaltensrichtlinien und -beschr\u00e4nkungen<\/strong><\/h2>\n<\/div><div class=\"mx-5 sm:mx-0 prose leading-relaxed text-lg mb-5 text-left wp-paragraph\">\n<p>Die Servicebedingungen von Mensagens do Bem enthalten klare Regeln f\u00fcr die angemessene Interaktion mit unserer Website und den verf\u00fcgbaren Inhalten. Es ist strengstens verboten:<\/p>\n<\/div><div class=\"mx-5 sm:mx-0 prose text-left mb-5\">\n<ul><div class=\"mx-5 sm:mx-0 prose text-left mb-5\">\n<li>Die Website nicht zur F\u00f6rderung, Durchf\u00fchrung oder Unterst\u00fctzung illegaler Aktivit\u00e4ten zu nutzen und dadurch gegen geltende Gesetze und Vorschriften sowohl auf lokaler als auch internationaler Ebene zu versto\u00dfen.<\/li>\n<\/div>\n\n<div class=\"mx-5 sm:mx-0 prose text-left mb-5\">\n<li>Versto\u00dfen Sie durch die Interaktion mit unserer Website gegen Gesetze oder Vorschriften auf jeglicher Ebene, sei es lokal, staatlich, national oder international.<\/li>\n<\/div>\n\n<div class=\"mx-5 sm:mx-0 prose text-left mb-5\">\n<li>Durch die unbefugte Verwendung von Inhalten gegen geistige Eigentumsrechte versto\u00dfen, unabh\u00e4ngig davon, ob es sich um Materialien handelt, die Mensagens do Bem oder Dritten geh\u00f6ren.<\/li>\n<\/div>\n\n<div class=\"mx-5 sm:mx-0 prose text-left mb-5\">\n<li>Verhaltensweisen wie Bel\u00e4stigung, Missbrauch, Verleumdung oder Diskriminierung von Einzelpersonen oder Gruppen aufgrund gesetzlich gesch\u00fctzter Eigenschaften.<\/li>\n<\/div>\n\n<div class=\"mx-5 sm:mx-0 prose text-left mb-5\">\n<li>Vors\u00e4tzliche Verbreitung falscher oder irref\u00fchrender Informationen, die die Zuverl\u00e4ssigkeit und Integrit\u00e4t der auf der Website angebotenen Inhalte beeintr\u00e4chtigen.<\/li>\n<\/div>\n\n<div class=\"mx-5 sm:mx-0 prose text-left mb-5\">\n<li>Verbreitung von Viren oder anderem Schadcode, der die Sicherheit unseres Dienstes, anderer verlinkter Websites oder der Internet-Infrastruktur gef\u00e4hrden k\u00f6nnte.<\/li>\n<\/div>\n\n<div class=\"mx-5 sm:mx-0 prose text-left mb-5\">\n<li>Sammeln oder \u00dcberwachen personenbezogener Daten anderer Benutzer ohne Einholung einer eindeutigen und ausdr\u00fccklichen Zustimmung und dadurch Verletzung der Privatsph\u00e4re anderer.<\/li>\n<\/div>\n\n<div class=\"mx-5 sm:mx-0 prose text-left mb-5\">\n<li>F\u00fchren Sie Aktivit\u00e4ten wie Spam, Phishing, Pharming, Pretexting sowie Spidering-, Crawling- oder Scraping-Techniken durch, die die Funktionalit\u00e4t der Website beeintr\u00e4chtigen.<\/li>\n<\/div>\n\n<div class=\"mx-5 sm:mx-0 prose text-left mb-5\">\n<li>Nutzung der Website zur Verbreitung von Inhalten obsz\u00f6ner oder fragw\u00fcrdiger Natur, die gegen ethische und moralische Standards versto\u00dfen.<\/li>\n<\/div>\n\n<div class=\"mx-5 sm:mx-0 prose text-left mb-5\">\n<li>Versuchen, die von Mensagens do Bem oder verbundenen Unternehmen implementierten Sicherheitsma\u00dfnahmen zu umgehen, zu deaktivieren oder anderweitig zu gef\u00e4hrden.<\/li>\n<\/div><\/ul>\n<\/div><div class=\"mx-5 sm:mx-0 prose leading-relaxed text-lg mb-5 text-left wp-paragraph\">\n<p>Wir behalten uns das Recht vor, Ihren Zugriff auf unsere Dienste und zugeh\u00f6rigen Websites zu beenden oder auszusetzen, wenn Sie gegen diese Richtlinien versto\u00dfen.<\/p>\n<\/div><!--advertisement--><div class=\"mx-5 sm:mx-0 sm:text-3xl text-2xl font-medium title-font mb-4 text-gray-900 text-left\">\n<h2 class=\"wp-block-heading\"><strong>Abschnitt V \u2013 Garantiebedingungen und Haftungsbeschr\u00e4nkungen<\/strong><\/h2>\n<\/div><div class=\"mx-5 sm:mx-0 prose leading-relaxed text-lg mb-5 text-left wp-paragraph\">\n<p>Der Zugriff auf unseren Dienst kann instabil sein und wir garantieren nicht, dass er v\u00f6llig sicher oder fehlerfrei ist. Dar\u00fcber hinaus \u00fcbernehmen wir keine Garantie f\u00fcr die Genauigkeit oder Zuverl\u00e4ssigkeit der Ergebnisse, die durch die Nutzung des Dienstes erzielt werden. Der Dienst kann ohne vorherige Ank\u00fcndigung ausgesetzt oder eingestellt werden.<\/p>\n<\/div><div class=\"mx-5 sm:mx-0 prose leading-relaxed text-lg mb-5 text-left wp-paragraph\">\n<p>Sie erkennen an und stimmen zu, dass die gesamte Verantwortung f\u00fcr die Nutzung des Dienstes bzw. die Unm\u00f6glichkeit der Nutzung des Dienstes ausschlie\u00dflich bei Ihnen liegt. Der Dienst wird \u201ewie besehen\u201c und \u201ewie verf\u00fcgbar\u201c ohne jegliche ausdr\u00fcckliche oder stillschweigende Garantien bereitgestellt.<\/p>\n<\/div><div class=\"mx-5 sm:mx-0 prose leading-relaxed text-lg mb-5 text-left wp-paragraph\">\n<p>Mensagens do Bem und seine Vertreter haften nicht f\u00fcr Sch\u00e4den, Verluste oder Anspr\u00fcche, die durch die Nutzung des Dienstes entstehen k\u00f6nnen, einschlie\u00dflich, aber nicht beschr\u00e4nkt auf entgangene Gewinne, Daten oder andere immaterielle Verluste, die aus der Nutzung der von Mensagens do Bem bereitgestellten Dienste oder Produkte entstehen.<\/p>\n<\/div><div class=\"mx-5 sm:mx-0 prose leading-relaxed text-lg mb-5 text-left wp-paragraph\">\n<p>In Rechtsgebieten, in denen der Ausschluss oder die Beschr\u00e4nkung der Haftung f\u00fcr Folge- oder Nebensch\u00e4den nicht zul\u00e4ssig ist, ist unsere Haftung im gr\u00f6\u00dftm\u00f6glichen gesetzlich zul\u00e4ssigen Umfang beschr\u00e4nkt.<\/p>\n<\/div><!--advertisement--><div class=\"mx-5 sm:mx-0 sm:text-3xl text-2xl font-medium title-font mb-4 text-gray-900 text-left\">\n<h2 class=\"wp-block-heading\"><strong>Abschnitt VI \u2013 G\u00fcltigkeit und gesetzliche Dauer<\/strong><\/h2>\n<\/div><div class=\"mx-5 sm:mx-0 prose leading-relaxed text-lg mb-5 text-left wp-paragraph\">\n<p>6.1 Dauer der Laufzeit<\/p>\n<\/div><div class=\"mx-5 sm:mx-0 prose leading-relaxed text-lg mb-5 text-left wp-paragraph\">\n<p>Die Allgemeinen Nutzungsbedingungen von Mensagens do Bem bleiben auf unbestimmte Zeit in Kraft, bis sie durch eine erneute Mitteilung ge\u00e4ndert oder widerrufen werden.<\/p>\n<\/div><div class=\"mx-5 sm:mx-0 prose leading-relaxed text-lg mb-5 text-left wp-paragraph\">\n<p>6.2 Verj\u00e4hrung von Rechtsstreitigkeiten<\/p>\n<\/div><div class=\"mx-5 sm:mx-0 prose leading-relaxed text-lg mb-5 text-left wp-paragraph\">\n<p>Alle rechtlichen Schritte oder Verwaltungsverfahren im Zusammenhang mit der Nutzung von Mensagens do Bem, wie in diesen Nutzungsbedingungen oder in der Datenschutzrichtlinie festgelegt, m\u00fcssen innerhalb einer Frist von h\u00f6chstens 90 Tagen nach dem Ereignis eingeleitet werden, das zu diesen Schritten gef\u00fchrt hat.<\/p>\n<\/div><!--advertisement--><div class=\"mx-5 sm:mx-0 sm:text-3xl text-2xl font-medium title-font mb-4 text-gray-900 text-left\">\n<h2 class=\"wp-block-heading\"><strong>Abschnitt VII \u2013 Aktuelle Gesetzgebung und Gerichtsbarkeit<\/strong><\/h2>\n<\/div><div class=\"mx-5 sm:mx-0 prose leading-relaxed text-lg mb-5 text-left wp-paragraph\">\n<p>Die Nutzungsbedingungen und die Datenschutzrichtlinie der Website unterliegen den Gesetzen der F\u00f6derativen Republik Brasilien. Hierzu geh\u00f6ren die Einhaltung der Bundesverfassung, des B\u00fcrgerlichen Gesetzbuches, des Konsumentenschutzkodexes, der Internet-Zivilrahmenvereinbarung und des Allgemeinen Gesetzes zum Schutz personenbezogener Daten.<\/p>\n<\/div><!--advertisement--><div class=\"mx-5 sm:mx-0 sm:text-3xl text-2xl font-medium title-font mb-4 text-gray-900 text-left\">\n<h2 class=\"wp-block-heading\"><strong>Abschnitt VIII \u2013 Geistiges Eigentum und Haftungsbeschr\u00e4nkungen<\/strong><\/h2>\n<\/div><div class=\"mx-5 sm:mx-0 prose leading-relaxed text-lg mb-5 text-left wp-paragraph\">\n<p>8.1 Schutz des geistigen Eigentums<\/p>\n<\/div><div class=\"mx-5 sm:mx-0 prose leading-relaxed text-lg mb-5 text-left wp-paragraph\">\n<p>Alle auf Mensagens do Bem verf\u00fcgbaren Inhalte, einschlie\u00dflich der von der Website und ihren Partnern bereitgestellten Inhalte, sind durch Urheberrechts- und geistige Eigentumsgesetze gesch\u00fctzt. Ohne die ausdr\u00fcckliche schriftliche Genehmigung von Mensagens do Bem ist die Vervielf\u00e4ltigung, \u00c4nderung, Verbreitung, Anzeige oder Erstellung abgeleiteter Werke dieser Materialien untersagt.<\/p>\n<\/div><div class=\"mx-5 sm:mx-0 prose leading-relaxed text-lg mb-5 text-left wp-paragraph\">\n<p>8.2 Haftungsausschluss<\/p>\n<\/div><div class=\"mx-5 sm:mx-0 prose leading-relaxed text-lg mb-5 text-left wp-paragraph\">\n<p>Mensagens do Bem ist nicht verantwortlich f\u00fcr von Benutzern generierte Inhalte, wie beispielsweise Kommentare in Foren oder sozialen Netzwerken, und auch nicht f\u00fcr direkte oder indirekte Sch\u00e4den, die durch die Nutzung der Website entstehen k\u00f6nnen.<\/p>\n<\/div><div class=\"mx-5 sm:mx-0 prose leading-relaxed text-lg mb-5 text-left wp-paragraph\">\n<p>8.3 Versto\u00dfmanagement<\/p>\n<\/div><div class=\"mx-5 sm:mx-0 prose leading-relaxed text-lg mb-5 text-left wp-paragraph\">\n<p>Mensagens do Bem beh\u00e4lt sich das Recht vor, Inhalte zu entfernen, die gegen diese Bedingungen versto\u00dfen, insbesondere wenn sie illegal, beleidigend oder diffamierend sind oder die Rechte Dritter verletzen. Mensagens do Bem kann au\u00dferdem die Konten von Benutzern deaktivieren, die die festgelegten Bedingungen nicht einhalten.<\/p>\n<\/div><!--advertisement--><div class=\"mx-5 sm:mx-0 sm:text-3xl text-2xl font-medium title-font mb-4 text-gray-900 text-left\">\n<h2 class=\"wp-block-heading\"><strong>Abschnitt IX \u2013 \u00c4nderungen der Allgemeinen Gesch\u00e4ftsbedingungen<\/strong><\/h2>\n<\/div><div class=\"mx-5 sm:mx-0 prose leading-relaxed text-lg mb-5 text-left wp-paragraph\">\n<p>Mensagens do Bem beh\u00e4lt sich das Recht vor, beliebige Aspekte seiner Dienste jederzeit und ohne vorherige Ank\u00fcndigung zu \u00e4ndern, auszusetzen oder zu unterbrechen. Unter diesen Umst\u00e4nden ist es nicht erforderlich, den Benutzern oder Dritten Erl\u00e4uterungen zu den vorgenommenen \u00c4nderungen zu geben.<\/p>\n<\/div><div class=\"mx-5 sm:mx-0 prose leading-relaxed text-lg mb-5 text-left wp-paragraph\">\n<p>Die fortgesetzte Nutzung der Website nach solchen \u00c4nderungen gilt als stillschweigende Annahme der ge\u00e4nderten Allgemeinen Gesch\u00e4ftsbedingungen. Wenn Sie mit den vorgeschlagenen \u00c4nderungen nicht einverstanden sind, wird empfohlen, die Nutzung der Website einzustellen.<\/p>\n<\/div><!--advertisement--><div class=\"mx-5 sm:mx-0 sm:text-3xl text-2xl font-medium title-font mb-4 text-gray-900 text-left\">\n<h2 class=\"wp-block-heading\"><strong>Abschnitt X \u2013 Kontakt mit Botschaften des Guten<\/strong><\/h2>\n<\/div><div class=\"mx-5 sm:mx-0 prose leading-relaxed text-lg mb-5 text-left wp-paragraph\">\n<p>Bei Fragen oder Anregungen zu unseren Diensten wenden Sie sich bitte an unseren Kundendienst. Besuchen <a style=\" color:;\" href=\"https:\/\/mensagensdobem.com.br\/de\/contact\/\">https:\/\/mensagensdobem.com.br\/contact\/<\/a> und f\u00fcllen Sie das Formular aus, um Ihre Nachricht effizient und direkt zu senden.<\/p>\n<\/div>","protected":false},"excerpt":{"rendered":"<p>Aktualisiert am 29. November 2024. Mensagens do Bem ist die Verwaltungseinheit seiner eigenen Website, die \u00fcber den Link https:\/\/mensagensdobem.com.br erreichbar ist. Mit \u201ewir\u201c oder \u201eunser\u201c meinen wir das Verwaltungsteam von Mensagens do Bem. Das Portal bietet eine gro\u00dfe Vielfalt an Informationen, Diensten und Inhalten. Der Zugriff darauf setzt voraus\u2026 <a class=\"more-link\" href=\"https:\/\/mensagensdobem.com.br\/de\/terms\/\">Weiterlesen <span class=\"screen-reader-text\">Nutzungsbedingungen \u2013 Messages of Good<\/span><\/a><\/p>","protected":false},"author":18,"featured_media":0,"parent":0,"menu_order":0,"comment_status":"closed","ping_status":"closed","template":"","meta":{"footnotes":""},"yoast_head":"<!-- This site is optimized with the Yoast SEO plugin v23.3 - https:\/\/yoast.com\/wordpress\/plugins\/seo\/ -->\n<title>Termos de Uso - Mensagens do Bem - MDB<\/title>\n<meta name=\"robots\" content=\"index, follow, max-snippet:-1, max-image-preview:large, max-video-preview:-1\" \/>\n<link rel=\"canonical\" href=\"https:\/\/mensagensdobem.com.br\/de\/terms\/\" \/>\n<meta property=\"og:locale\" content=\"de_DE\" \/>\n<meta property=\"og:type\" content=\"article\" \/>\n<meta property=\"og:title\" content=\"Termos de Uso - Mensagens do Bem - MDB\" \/>\n<meta property=\"og:description\" content=\"Atualizado em 29 de novembro de 2024. O Mensagens do Bem \u00e9 o ente gestor do seu pr\u00f3prio site, que pode ser acessado atrav\u00e9s do link https:\/\/mensagensdobem.com.br. Quando falamos \u201cn\u00f3s\u201d ou \u201cnosso\u201d, referimo-nos \u00e0 equipe administrativa do Mensagens do Bem. O portal apresenta uma rica diversidade de informa\u00e7\u00f5es, servi\u00e7os e conte\u00fados, e acess\u00e1-lo implica em&hellip; Continue reading Termos de Uso &#8211; Mensagens do Bem\" \/>\n<meta property=\"og:url\" content=\"https:\/\/mensagensdobem.com.br\/de\/terms\/\" \/>\n<meta property=\"og:site_name\" content=\"MDB\" \/>\n<meta property=\"article:modified_time\" content=\"2024-11-29T12:28:09+00:00\" \/>\n<meta name=\"twitter:card\" content=\"summary_large_image\" \/>\n<meta name=\"twitter:label1\" content=\"Est. reading time\" \/>\n\t<meta name=\"twitter:data1\" content=\"9 Minuten\" \/>\n<script type=\"application\/ld+json\" class=\"yoast-schema-graph\">{\"@context\":\"https:\/\/schema.org\",\"@graph\":[{\"@type\":\"WebPage\",\"@id\":\"https:\/\/mensagensdobem.com.br\/terms\/\",\"url\":\"https:\/\/mensagensdobem.com.br\/terms\/\",\"name\":\"Termos de Uso - Mensagens do Bem - MDB\",\"isPartOf\":{\"@id\":\"https:\/\/mensagensdobem.com.br\/#website\"},\"datePublished\":\"2024-11-29T12:28:08+00:00\",\"dateModified\":\"2024-11-29T12:28:09+00:00\",\"breadcrumb\":{\"@id\":\"https:\/\/mensagensdobem.com.br\/terms\/#breadcrumb\"},\"inLanguage\":\"de-DE\",\"potentialAction\":[{\"@type\":\"ReadAction\",\"target\":[\"https:\/\/mensagensdobem.com.br\/terms\/\"]}]},{\"@type\":\"BreadcrumbList\",\"@id\":\"https:\/\/mensagensdobem.com.br\/terms\/#breadcrumb\",\"itemListElement\":[{\"@type\":\"ListItem\",\"position\":1,\"name\":\"Home\",\"item\":\"https:\/\/mensagensdobem.com.br\/\"},{\"@type\":\"ListItem\",\"position\":2,\"name\":\"Termos de Uso &#8211; Mensagens do Bem\"}]},{\"@type\":\"WebSite\",\"@id\":\"https:\/\/mensagensdobem.com.br\/#website\",\"url\":\"https:\/\/mensagensdobem.com.br\/\",\"name\":\"MDB\",\"description\":\"\",\"potentialAction\":[{\"@type\":\"SearchAction\",\"target\":{\"@type\":\"EntryPoint\",\"urlTemplate\":\"https:\/\/mensagensdobem.com.br\/?s={search_term_string}\"},\"query-input\":\"required name=search_term_string\"}],\"inLanguage\":\"de-DE\"}]}<\/script>\n<!-- \/ Yoast SEO plugin. -->","yoast_head_json":{"title":"Termos de Uso - Mensagens do Bem - MDB","robots":{"index":"index","follow":"follow","max-snippet":"max-snippet:-1","max-image-preview":"max-image-preview:large","max-video-preview":"max-video-preview:-1"},"canonical":"https:\/\/mensagensdobem.com.br\/de\/terms\/","og_locale":"de_DE","og_type":"article","og_title":"Termos de Uso - Mensagens do Bem - MDB","og_description":"Atualizado em 29 de novembro de 2024. O Mensagens do Bem \u00e9 o ente gestor do seu pr\u00f3prio site, que pode ser acessado atrav\u00e9s do link https:\/\/mensagensdobem.com.br. Quando falamos \u201cn\u00f3s\u201d ou \u201cnosso\u201d, referimo-nos \u00e0 equipe administrativa do Mensagens do Bem. O portal apresenta uma rica diversidade de informa\u00e7\u00f5es, servi\u00e7os e conte\u00fados, e acess\u00e1-lo implica em&hellip; Continue reading Termos de Uso &#8211; Mensagens do Bem","og_url":"https:\/\/mensagensdobem.com.br\/de\/terms\/","og_site_name":"MDB","article_modified_time":"2024-11-29T12:28:09+00:00","twitter_card":"summary_large_image","twitter_misc":{"Est. reading time":"9 Minuten"},"schema":{"@context":"https:\/\/schema.org","@graph":[{"@type":"WebPage","@id":"https:\/\/mensagensdobem.com.br\/terms\/","url":"https:\/\/mensagensdobem.com.br\/terms\/","name":"Termos de Uso - Mensagens do Bem - MDB","isPartOf":{"@id":"https:\/\/mensagensdobem.com.br\/#website"},"datePublished":"2024-11-29T12:28:08+00:00","dateModified":"2024-11-29T12:28:09+00:00","breadcrumb":{"@id":"https:\/\/mensagensdobem.com.br\/terms\/#breadcrumb"},"inLanguage":"de-DE","potentialAction":[{"@type":"ReadAction","target":["https:\/\/mensagensdobem.com.br\/terms\/"]}]},{"@type":"BreadcrumbList","@id":"https:\/\/mensagensdobem.com.br\/terms\/#breadcrumb","itemListElement":[{"@type":"ListItem","position":1,"name":"Home","item":"https:\/\/mensagensdobem.com.br\/"},{"@type":"ListItem","position":2,"name":"Termos de Uso &#8211; Mensagens do Bem"}]},{"@type":"WebSite","@id":"https:\/\/mensagensdobem.com.br\/#website","url":"https:\/\/mensagensdobem.com.br\/","name":"MDB","description":"","potentialAction":[{"@type":"SearchAction","target":{"@type":"EntryPoint","urlTemplate":"https:\/\/mensagensdobem.com.br\/?s={search_term_string}"},"query-input":"required name=search_term_string"}],"inLanguage":"de-DE"}]}},"_links":{"self":[{"href":"https:\/\/mensagensdobem.com.br\/de\/wp-json\/wp\/v2\/pages\/125"}],"collection":[{"href":"https:\/\/mensagensdobem.com.br\/de\/wp-json\/wp\/v2\/pages"}],"about":[{"href":"https:\/\/mensagensdobem.com.br\/de\/wp-json\/wp\/v2\/types\/page"}],"author":[{"embeddable":true,"href":"https:\/\/mensagensdobem.com.br\/de\/wp-json\/wp\/v2\/users\/18"}],"replies":[{"embeddable":true,"href":"https:\/\/mensagensdobem.com.br\/de\/wp-json\/wp\/v2\/comments?post=125"}],"version-history":[{"count":1,"href":"https:\/\/mensagensdobem.com.br\/de\/wp-json\/wp\/v2\/pages\/125\/revisions"}],"predecessor-version":[{"id":126,"href":"https:\/\/mensagensdobem.com.br\/de\/wp-json\/wp\/v2\/pages\/125\/revisions\/126"}],"wp:attachment":[{"href":"https:\/\/mensagensdobem.com.br\/de\/wp-json\/wp\/v2\/media?parent=125"}],"curies":[{"name":"wp","href":"https:\/\/api.w.org\/{rel}","templated":true}]}}