{"id":130,"date":"2024-11-29T13:33:10","date_gmt":"2024-11-29T13:33:10","guid":{"rendered":"https:\/\/mensagensdobem.com.br\/?page_id=130"},"modified":"2025-01-23T20:19:54","modified_gmt":"2025-01-23T20:19:54","slug":"about","status":"publish","type":"page","link":"https:\/\/mensagensdobem.com.br\/de\/about\/","title":{"rendered":"Was ist Messages of Good?"},"content":{"rendered":"<div class=\"mx-5 sm:mx-0 prose leading-relaxed text-lg mb-5 text-left wp-paragraph\">\n<p>Willkommen bei Mensagens do Bem, Ihrer Oase der Positivit\u00e4t, Technologie und Inspiration! Hier betonen wir die Wirkung von Worten und Taten und f\u00f6rdern ein Umfeld, in dem Optimismus und Nachdenklichkeit gesch\u00e4tzt werden und in dem wir nach Werkzeugen suchen, die den Alltag erleichtern.<\/p>\n<\/div><div class=\"mx-5 sm:mx-0 prose leading-relaxed text-lg mb-5 text-left wp-paragraph\">\n<p>Entdecken Sie ein Universum an Inhalten, das den Alltag in bedeutungsvolle und erhebende Momente verwandelt.<\/p>\n<\/div><!--advertisement--><div class=\"mx-5 sm:mx-0 sm:text-3xl text-2xl font-medium title-font mb-4 text-gray-900 text-left\">\n<h2 class=\"wp-block-heading\">Wer wir sind<\/h2>\n<\/div><div class=\"mx-5 sm:mx-0 prose leading-relaxed text-lg mb-5 text-left wp-paragraph\">\n<p>Wir sind ein Team, das sich der Verbreitung von Botschaften des Optimismus und der Motivation verschrieben hat. Bei Mensagens do Bem bringen wir Fachleute und Enthusiasten aus verschiedenen Bereichen zusammen, um Inhalte zu erstellen, die nicht nur informieren, sondern auch erbauen und inspirieren. Unser Ziel ist es, jeden Artikel in eine Quelle der Ermutigung zu verwandeln und unseren Lesern zu helfen, die Welt in einem besseren Licht zu sehen und Themen mit neuer Kraft und Hoffnung zu erkunden.<\/p>\n<\/div><!--advertisement--><div class=\"mx-5 sm:mx-0 sm:text-3xl text-2xl font-medium title-font mb-4 text-gray-900 text-left\">\n<h2 class=\"wp-block-heading\">Was wir bieten<\/h2>\n<\/div><div class=\"mx-5 sm:mx-0 prose leading-relaxed text-lg mb-5 text-left wp-paragraph\">\n<p>Wir bieten vielf\u00e4ltige Inhalte, von praktischen Tipps zur Steigerung des Wohlbefindens bis hin zu Hinweisen auf Tools und Apps, die den Alltag erleichtern. <\/p>\n<\/div><div class=\"mx-5 sm:mx-0 prose leading-relaxed text-lg mb-5 text-left wp-paragraph\">\n<p>Hier finden Sie Artikel, die die Geheimnisse eines praktischeren und ausgeglicheneren Lebens l\u00fcften, begleitet von Tipps zu Werkzeugen, die Ihren Geist bereichern. <\/p>\n<\/div><div class=\"mx-5 sm:mx-0 prose leading-relaxed text-lg mb-5 text-left wp-paragraph\">\n<p>Jeder Text wird sorgf\u00e4ltig ausgearbeitet, um nicht nur Informationen zu vermitteln, sondern auch ein einzigartiges Leseerlebnis zu bieten.<\/p>\n<\/div><!--advertisement--><div class=\"mx-5 sm:mx-0 sm:text-3xl text-2xl font-medium title-font mb-4 text-gray-900 text-left\">\n<h2 class=\"wp-block-heading\">Rechtliche Hinweise<\/h2>\n<\/div><div class=\"mx-5 sm:mx-0 prose leading-relaxed text-lg mb-5 text-left wp-paragraph\">\n<p><em>Die auf Mensagens do Bem bereitgestellten Gesundheits- und Wellness-Tipps dienen ausschlie\u00dflich zu Informationszwecken und sind kein Ersatz f\u00fcr professionelle medizinische Beratung, Diagnose oder Behandlung. Wenn Sie Bedenken oder Fragen zu Ihrer Gesundheit haben, sollten Sie stets den Rat eines Arztes oder eines anderen qualifizierten medizinischen Fachpersonals einholen. Ignorieren Sie niemals professionellen medizinischen Rat aufgrund von Informationen, die Sie auf unserer Website gelesen haben.<\/em><\/p>\n<\/div>","protected":false},"excerpt":{"rendered":"<p>Willkommen bei Mensagens do Bem, Ihrer Oase der Positivit\u00e4t, Technologie und Inspiration! Hier betonen wir die Wirkung von Worten und Taten und f\u00f6rdern ein Umfeld, in dem Optimismus und Reflexion gesch\u00e4tzt werden und wir nach Werkzeugen suchen, die den Alltag erleichtern. Entdecken Sie ein Universum voller Inhalte, die den Alltag in\u2026 verwandeln. <a class=\"more-link\" href=\"https:\/\/mensagensdobem.com.br\/de\/about\/\">Weiterlesen <span class=\"screen-reader-text\">Was ist Messages of Good?<\/span><\/a><\/p>","protected":false},"author":18,"featured_media":0,"parent":0,"menu_order":0,"comment_status":"closed","ping_status":"closed","template":"","meta":{"footnotes":""},"yoast_head":"<!-- This site is optimized with the Yoast SEO plugin v23.3 - https:\/\/yoast.com\/wordpress\/plugins\/seo\/ -->\n<title>O que \u00e9 o Mensagens do Bem? - MDB<\/title>\n<meta name=\"robots\" content=\"index, follow, max-snippet:-1, max-image-preview:large, max-video-preview:-1\" \/>\n<link rel=\"canonical\" href=\"https:\/\/mensagensdobem.com.br\/de\/about\/\" \/>\n<meta property=\"og:locale\" content=\"de_DE\" \/>\n<meta property=\"og:type\" content=\"article\" \/>\n<meta property=\"og:title\" content=\"O que \u00e9 o Mensagens do Bem? - MDB\" \/>\n<meta property=\"og:description\" content=\"Bem-vindo ao Mensagens do Bem, seu ref\u00fagio de positividade, tecnologia e inspira\u00e7\u00e3o! Aqui, destacamos o impacto das palavras e das a\u00e7\u00f5es, promovendo um ambiente onde o otimismo e a reflex\u00e3o s\u00e3o valorizados e onde buscamos ferramentas para trazer mais facilidade para o dia a dia. Explore um universo de conte\u00fados que transformam o cotidiano em&hellip; Continue reading O que \u00e9 o Mensagens do Bem?\" \/>\n<meta property=\"og:url\" content=\"https:\/\/mensagensdobem.com.br\/de\/about\/\" \/>\n<meta property=\"og:site_name\" content=\"MDB\" \/>\n<meta property=\"article:modified_time\" content=\"2025-01-23T20:19:54+00:00\" \/>\n<meta name=\"twitter:card\" content=\"summary_large_image\" \/>\n<meta name=\"twitter:label1\" content=\"Est. reading time\" \/>\n\t<meta name=\"twitter:data1\" content=\"2 Minuten\" \/>\n<script type=\"application\/ld+json\" class=\"yoast-schema-graph\">{\"@context\":\"https:\/\/schema.org\",\"@graph\":[{\"@type\":\"WebPage\",\"@id\":\"https:\/\/mensagensdobem.com.br\/about\/\",\"url\":\"https:\/\/mensagensdobem.com.br\/about\/\",\"name\":\"O que \u00e9 o Mensagens do Bem? - MDB\",\"isPartOf\":{\"@id\":\"https:\/\/mensagensdobem.com.br\/#website\"},\"datePublished\":\"2024-11-29T13:33:10+00:00\",\"dateModified\":\"2025-01-23T20:19:54+00:00\",\"breadcrumb\":{\"@id\":\"https:\/\/mensagensdobem.com.br\/about\/#breadcrumb\"},\"inLanguage\":\"de-DE\",\"potentialAction\":[{\"@type\":\"ReadAction\",\"target\":[\"https:\/\/mensagensdobem.com.br\/about\/\"]}]},{\"@type\":\"BreadcrumbList\",\"@id\":\"https:\/\/mensagensdobem.com.br\/about\/#breadcrumb\",\"itemListElement\":[{\"@type\":\"ListItem\",\"position\":1,\"name\":\"Home\",\"item\":\"https:\/\/mensagensdobem.com.br\/\"},{\"@type\":\"ListItem\",\"position\":2,\"name\":\"O que \u00e9 o Mensagens do Bem?\"}]},{\"@type\":\"WebSite\",\"@id\":\"https:\/\/mensagensdobem.com.br\/#website\",\"url\":\"https:\/\/mensagensdobem.com.br\/\",\"name\":\"MDB\",\"description\":\"\",\"potentialAction\":[{\"@type\":\"SearchAction\",\"target\":{\"@type\":\"EntryPoint\",\"urlTemplate\":\"https:\/\/mensagensdobem.com.br\/?s={search_term_string}\"},\"query-input\":\"required name=search_term_string\"}],\"inLanguage\":\"de-DE\"}]}<\/script>\n<!-- \/ Yoast SEO plugin. -->","yoast_head_json":{"title":"O que \u00e9 o Mensagens do Bem? - MDB","robots":{"index":"index","follow":"follow","max-snippet":"max-snippet:-1","max-image-preview":"max-image-preview:large","max-video-preview":"max-video-preview:-1"},"canonical":"https:\/\/mensagensdobem.com.br\/de\/about\/","og_locale":"de_DE","og_type":"article","og_title":"O que \u00e9 o Mensagens do Bem? - MDB","og_description":"Bem-vindo ao Mensagens do Bem, seu ref\u00fagio de positividade, tecnologia e inspira\u00e7\u00e3o! Aqui, destacamos o impacto das palavras e das a\u00e7\u00f5es, promovendo um ambiente onde o otimismo e a reflex\u00e3o s\u00e3o valorizados e onde buscamos ferramentas para trazer mais facilidade para o dia a dia. Explore um universo de conte\u00fados que transformam o cotidiano em&hellip; Continue reading O que \u00e9 o Mensagens do Bem?","og_url":"https:\/\/mensagensdobem.com.br\/de\/about\/","og_site_name":"MDB","article_modified_time":"2025-01-23T20:19:54+00:00","twitter_card":"summary_large_image","twitter_misc":{"Est. reading time":"2 Minuten"},"schema":{"@context":"https:\/\/schema.org","@graph":[{"@type":"WebPage","@id":"https:\/\/mensagensdobem.com.br\/about\/","url":"https:\/\/mensagensdobem.com.br\/about\/","name":"O que \u00e9 o Mensagens do Bem? - MDB","isPartOf":{"@id":"https:\/\/mensagensdobem.com.br\/#website"},"datePublished":"2024-11-29T13:33:10+00:00","dateModified":"2025-01-23T20:19:54+00:00","breadcrumb":{"@id":"https:\/\/mensagensdobem.com.br\/about\/#breadcrumb"},"inLanguage":"de-DE","potentialAction":[{"@type":"ReadAction","target":["https:\/\/mensagensdobem.com.br\/about\/"]}]},{"@type":"BreadcrumbList","@id":"https:\/\/mensagensdobem.com.br\/about\/#breadcrumb","itemListElement":[{"@type":"ListItem","position":1,"name":"Home","item":"https:\/\/mensagensdobem.com.br\/"},{"@type":"ListItem","position":2,"name":"O que \u00e9 o Mensagens do Bem?"}]},{"@type":"WebSite","@id":"https:\/\/mensagensdobem.com.br\/#website","url":"https:\/\/mensagensdobem.com.br\/","name":"MDB","description":"","potentialAction":[{"@type":"SearchAction","target":{"@type":"EntryPoint","urlTemplate":"https:\/\/mensagensdobem.com.br\/?s={search_term_string}"},"query-input":"required name=search_term_string"}],"inLanguage":"de-DE"}]}},"_links":{"self":[{"href":"https:\/\/mensagensdobem.com.br\/de\/wp-json\/wp\/v2\/pages\/130"}],"collection":[{"href":"https:\/\/mensagensdobem.com.br\/de\/wp-json\/wp\/v2\/pages"}],"about":[{"href":"https:\/\/mensagensdobem.com.br\/de\/wp-json\/wp\/v2\/types\/page"}],"author":[{"embeddable":true,"href":"https:\/\/mensagensdobem.com.br\/de\/wp-json\/wp\/v2\/users\/18"}],"replies":[{"embeddable":true,"href":"https:\/\/mensagensdobem.com.br\/de\/wp-json\/wp\/v2\/comments?post=130"}],"version-history":[{"count":2,"href":"https:\/\/mensagensdobem.com.br\/de\/wp-json\/wp\/v2\/pages\/130\/revisions"}],"predecessor-version":[{"id":522,"href":"https:\/\/mensagensdobem.com.br\/de\/wp-json\/wp\/v2\/pages\/130\/revisions\/522"}],"wp:attachment":[{"href":"https:\/\/mensagensdobem.com.br\/de\/wp-json\/wp\/v2\/media?parent=130"}],"curies":[{"name":"wp","href":"https:\/\/api.w.org\/{rel}","templated":true}]}}