{"id":125,"date":"2024-11-29T12:28:08","date_gmt":"2024-11-29T12:28:08","guid":{"rendered":"https:\/\/mensagensdobem.com.br\/?page_id=125"},"modified":"2024-11-29T12:28:09","modified_gmt":"2024-11-29T12:28:09","slug":"terms","status":"publish","type":"page","link":"https:\/\/mensagensdobem.com.br\/es\/terms\/","title":{"rendered":"Condiciones de uso \u2013 Mensagens do Bem"},"content":{"rendered":"<div class=\"mx-5 sm:mx-0 prose leading-relaxed text-lg mb-5 text-left wp-paragraph\">\n<p>Actualizado el 29 de noviembre de 2024.<\/p>\n<\/div><div class=\"mx-5 sm:mx-0 prose leading-relaxed text-lg mb-5 text-left wp-paragraph\">\n<p>Mensagens do Bem es entidad gestora de su propio sitio web, al que se puede acceder a trav\u00e9s del enlace <a style=\" color:;\" href=\"https:\/\/mensagensdobem.com.br\/es\/\">https:\/\/mensagensdobem.com.br<\/a>. Cuando decimos \u201cnosotros\u201d o \u201cnuestro\u201d, nos referimos al equipo administrativo de Mensagens do Bem. El portal presenta una rica diversidad de informaciones, servicios y contenidos, y acceder a \u00e9l implica aceptar plenamente nuestros t\u00e9rminos, condiciones y pol\u00edticas.<\/p>\n<\/div><div class=\"mx-5 sm:mx-0 prose leading-relaxed text-lg mb-5 text-left wp-paragraph\">\n<p>El sitio se destaca como una fuente crucial en el espacio digital, ya que ofrece contenido educativo y rese\u00f1as detalladas de una variedad de productos y servicios, que incluyen trivia, temas de actualidad, consejos de salud y entretenimiento de fuentes locales e internacionales.<\/p>\n<\/div><div class=\"mx-5 sm:mx-0 prose leading-relaxed text-lg mb-5 text-left wp-paragraph\">\n<p>Destacamos que interactuar con este sitio web requiere la aceptaci\u00f3n de los T\u00e9rminos de uso y la Pol\u00edtica de privacidad, accesibles en <a style=\" color:;\" href=\"https:\/\/mensagensdobem.com.br\/es\/privacy\/\">https:\/\/mensagensdobem.com.br\/privacy\/<\/a>, de conformidad con la legislaci\u00f3n pertinente.<\/p>\n<\/div><div class=\"mx-5 sm:mx-0 prose leading-relaxed text-lg mb-5 text-left wp-paragraph\">\n<p>Los T\u00e9rminos y Condiciones Generales de Uso aqu\u00ed especificados tienen como objetivo aclarar las responsabilidades, deberes y derechos de todo usuario que explore o utilice el sitio web de Mensagens do Brm, como se explicar\u00e1 detalladamente.<\/p>\n<\/div><div class=\"mx-5 sm:mx-0 prose leading-relaxed text-lg mb-5 text-left wp-paragraph\">\n<p>Es fundamental que revise detenidamente los T\u00e9rminos de uso antes de continuar. Si no est\u00e1 de acuerdo con los t\u00e9rminos presentados, le solicitamos que no utilice los servicios de Mensagens do Bem.<\/p>\n<\/div><!--advertisement--><div class=\"mx-5 sm:mx-0 sm:text-3xl text-2xl font-medium title-font mb-4 text-gray-900 text-left\">\n<h2 class=\"wp-block-heading\"><strong>Secci\u00f3n I \u2013 Acceso y Uso de Mensajens do Bem<\/strong><\/h2>\n<\/div><div class=\"mx-5 sm:mx-0 prose leading-relaxed text-lg mb-5 text-left wp-paragraph\">\n<p>1.1 Al navegar e interactuar con el sitio web de Mensagens do Bem, usted, como usuario, acepta cumplir con los T\u00e9rminos y Condiciones Generales de Uso, as\u00ed como con la Pol\u00edtica de Privacidad definida por el sitio web.<\/p>\n<\/div><div class=\"mx-5 sm:mx-0 prose leading-relaxed text-lg mb-5 text-left wp-paragraph\">\n<p>1.2 Al utilizar Mensagens do Bem, usted declara tener al menos 18 a\u00f1os de edad y tener la capacidad legal para aceptar y cumplir estos T\u00e9rminos y Condiciones de Uso.<\/p>\n<\/div><div class=\"mx-5 sm:mx-0 prose leading-relaxed text-lg mb-5 text-left wp-paragraph\">\n<p>1.3 Si no cumple con los requisitos de edad o capacidad legal, o si no est\u00e1 de acuerdo con los T\u00e9rminos y Condiciones de Uso, deber\u00e1 abstenerse de acceder y utilizar Mensagens do Bem, as\u00ed como cualquier otro sitio web o servicio asociado.<\/p>\n<\/div><!--advertisement--><div class=\"mx-5 sm:mx-0 sm:text-3xl text-2xl font-medium title-font mb-4 text-gray-900 text-left\">\n<h2 class=\"wp-block-heading\"><strong>Secci\u00f3n II \u2013 Canales de comunicaci\u00f3n directa<\/strong><\/h2>\n<\/div><div class=\"mx-5 sm:mx-0 prose leading-relaxed text-lg mb-5 text-left wp-paragraph\">\n<p>2.1 Mensagens do Bem ofrece un servicio de atenci\u00f3n al usuario para aclaraciones, resoluci\u00f3n de incidencias, registro de quejas u obtenci\u00f3n de informaci\u00f3n adicional sobre productos y servicios disponibles en el sitio web.<\/p>\n<\/div><div class=\"mx-5 sm:mx-0 prose leading-relaxed text-lg mb-5 text-left wp-paragraph\">\n<p>2.2 Para contactar, los usuarios deber\u00e1n rellenar el formulario disponible en: <a style=\" color:;\" href=\"https:\/\/mensagensdobem.com.br\/es\/contact\/\">https:\/\/mensagensdobem.com.br\/contact\/<\/a>.&nbsp;<\/p>\n<\/div><!--advertisement--><div class=\"mx-5 sm:mx-0 sm:text-3xl text-2xl font-medium title-font mb-4 text-gray-900 text-left\">\n<h2 class=\"wp-block-heading\"><strong>Secci\u00f3n III \u2013 Obligaciones y Responsabilidades<\/strong><\/h2>\n<\/div><div class=\"mx-5 sm:mx-0 prose leading-relaxed text-lg mb-5 text-left wp-paragraph\">\n<p>3.1 Compromiso con los T\u00e9rminos y la Pol\u00edtica de Privacidad<\/p>\n<\/div><div class=\"mx-5 sm:mx-0 prose leading-relaxed text-lg mb-5 text-left wp-paragraph\">\n<p>Al utilizar Mensagens do Bem, usted confirma que ha le\u00eddo, comprendido y aceptado todos los t\u00e9rminos y condiciones, adem\u00e1s de la Pol\u00edtica de Privacidad del sitio web.<\/p>\n<\/div><div class=\"mx-5 sm:mx-0 prose leading-relaxed text-lg mb-5 text-left wp-paragraph\">\n<p>3.2 Enlaces a sitios de terceros<\/p>\n<\/div><div class=\"mx-5 sm:mx-0 prose leading-relaxed text-lg mb-5 text-left wp-paragraph\">\n<p>Mensagens do Bem proporciona enlaces a sitios web externos, que pueden incluir servicios o productos de socios. Estos enlaces se proporcionan sin ninguna gesti\u00f3n directa por parte de Mensagens do Bem con respecto a estas transacciones.<\/p>\n<\/div><div class=\"mx-5 sm:mx-0 prose leading-relaxed text-lg mb-5 text-left wp-paragraph\">\n<p>3.3 T\u00e9rminos de los sitios asociados<\/p>\n<\/div><div class=\"mx-5 sm:mx-0 prose leading-relaxed text-lg mb-5 text-left wp-paragraph\">\n<p>Al acceder a sitios web asociados a trav\u00e9s de Mensagens do Bem, debe aceptar los t\u00e9rminos de uso y las pol\u00edticas de privacidad espec\u00edficos de estos sitios web externos.<\/p>\n<\/div><div class=\"mx-5 sm:mx-0 prose leading-relaxed text-lg mb-5 text-left wp-paragraph\">\n<p>3.4 Descargo de responsabilidad por contenido de terceros<\/p>\n<\/div><div class=\"mx-5 sm:mx-0 prose leading-relaxed text-lg mb-5 text-left wp-paragraph\">\n<p>Mensagens do Bem no es responsable de la informaci\u00f3n, t\u00e9rminos o pol\u00edticas de productos y servicios de terceros, ni de las transacciones realizadas con dichas entidades.<\/p>\n<\/div><div class=\"mx-5 sm:mx-0 prose leading-relaxed text-lg mb-5 text-left wp-paragraph\">\n<p>3.5 Protecci\u00f3n contra software malicioso<\/p>\n<\/div><div class=\"mx-5 sm:mx-0 prose leading-relaxed text-lg mb-5 text-left wp-paragraph\">\n<p>Mensagens do Bem no se hace responsable de los da\u00f1os causados por virus u otros programas maliciosos que puedan contraerse durante la navegaci\u00f3n. Se recomienda que utilice software de seguridad actualizado.<\/p>\n<\/div><div class=\"mx-5 sm:mx-0 prose leading-relaxed text-lg mb-5 text-left wp-paragraph\">\n<p>3.6 Limitaci\u00f3n de responsabilidad<\/p>\n<\/div><div class=\"mx-5 sm:mx-0 prose leading-relaxed text-lg mb-5 text-left wp-paragraph\">\n<p>Mensagens do Bem no se hace responsable de los da\u00f1os resultantes de un uso inadecuado del sitio web o de situaciones de fuerza mayor.<\/p>\n<\/div><div class=\"mx-5 sm:mx-0 prose leading-relaxed text-lg mb-5 text-left wp-paragraph\">\n<p>3.7 Transacciones Financieras<\/p>\n<\/div><div class=\"mx-5 sm:mx-0 prose leading-relaxed text-lg mb-5 text-left wp-paragraph\">\n<p>Mensagens do Bem no solicita pagos, dep\u00f3sitos o transferencias bancarias para la liberaci\u00f3n de ning\u00fan producto financiero.<\/p>\n<\/div><div class=\"mx-5 sm:mx-0 prose leading-relaxed text-lg mb-5 text-left wp-paragraph\">\n<p>3.8 Alertas de seguridad<\/p>\n<\/div><div class=\"mx-5 sm:mx-0 prose leading-relaxed text-lg mb-5 text-left wp-paragraph\">\n<p>No enviamos correos electr\u00f3nicos solicitando informaci\u00f3n personal, registros o con archivos adjuntos ejecutables. Si recibe dichos correos electr\u00f3nicos, inf\u00f3rmenos a trav\u00e9s de nuestro formulario de contacto en <a style=\" color:;\" href=\"https:\/\/mensagensdobem.com.br\/es\/contact\/\">https:\/\/mensagensdobem.com.br\/contact\/<\/a>.&nbsp;<\/p>\n<\/div><!--advertisement--><div class=\"mx-5 sm:mx-0 sm:text-3xl text-2xl font-medium title-font mb-4 text-gray-900 text-left\">\n<h2 class=\"wp-block-heading\"><strong>Secci\u00f3n IV \u2013 Pautas y restricciones de conducta<\/strong><\/h2>\n<\/div><div class=\"mx-5 sm:mx-0 prose leading-relaxed text-lg mb-5 text-left wp-paragraph\">\n<p>Los T\u00e9rminos de Servicio de Mensagens do Bem establecen reglas claras con respecto a la interacci\u00f3n adecuada con nuestro sitio web y el contenido disponible. Est\u00e1 estrictamente prohibido:<\/p>\n<\/div><div class=\"mx-5 sm:mx-0 prose text-left mb-5\">\n<ul><div class=\"mx-5 sm:mx-0 prose text-left mb-5\">\n<li>Utilizar el sitio web para promover, realizar o apoyar actividades ilegales, violando as\u00ed las leyes y regulaciones vigentes, tanto a nivel local como internacional.<\/li>\n<\/div>\n\n<div class=\"mx-5 sm:mx-0 prose text-left mb-5\">\n<li>Violar leyes o regulaciones a cualquier nivel, ya sea local, estatal, nacional o internacional, a trav\u00e9s de la interacci\u00f3n con nuestro sitio web.<\/li>\n<\/div>\n\n<div class=\"mx-5 sm:mx-0 prose text-left mb-5\">\n<li>Violar los derechos de propiedad intelectual, ya sean de materiales propios de Mensagens do Bem o de terceros, mediante el uso no autorizado de los contenidos.<\/li>\n<\/div>\n\n<div class=\"mx-5 sm:mx-0 prose text-left mb-5\">\n<li>Participar en conductas como acoso, abuso, difamaci\u00f3n o discriminaci\u00f3n contra personas o grupos en funci\u00f3n de atributos legalmente protegidos.<\/li>\n<\/div>\n\n<div class=\"mx-5 sm:mx-0 prose text-left mb-5\">\n<li>Difundir deliberadamente informaci\u00f3n falsa o enga\u00f1osa que afecte negativamente a la fiabilidad e integridad de los contenidos ofrecidos en el sitio web.<\/li>\n<\/div>\n\n<div class=\"mx-5 sm:mx-0 prose text-left mb-5\">\n<li>Difundir virus u otros c\u00f3digos maliciosos que puedan comprometer la seguridad de nuestro servicio, otros sitios conectados o la infraestructura de Internet.<\/li>\n<\/div>\n\n<div class=\"mx-5 sm:mx-0 prose text-left mb-5\">\n<li>Recopilar o monitorear informaci\u00f3n personal de otros usuarios sin obtener el consentimiento claro y expreso, violando la privacidad de otros.<\/li>\n<\/div>\n\n<div class=\"mx-5 sm:mx-0 prose text-left mb-5\">\n<li>Realizar actividades tales como spam, phishing, pharming, pretexting, as\u00ed como t\u00e9cnicas de spidering, crawling o scraping, que comprometan la funcionalidad del sitio web.<\/li>\n<\/div>\n\n<div class=\"mx-5 sm:mx-0 prose text-left mb-5\">\n<li>Utilizar el sitio web para distribuir contenido obsceno o de naturaleza cuestionable, contrario a los est\u00e1ndares \u00e9ticos y morales.<\/li>\n<\/div>\n\n<div class=\"mx-5 sm:mx-0 prose text-left mb-5\">\n<li>Intentar eludir, inhabilitar o de cualquier otra forma comprometer las medidas de seguridad implementadas por Mensagens do Bem o entidades asociadas.<\/li>\n<\/div><\/ul>\n<\/div><div class=\"mx-5 sm:mx-0 prose leading-relaxed text-lg mb-5 text-left wp-paragraph\">\n<p>Nos reservamos el derecho de interrumpir o suspender su acceso a nuestros servicios y sitios web asociados si viola estas pautas.<\/p>\n<\/div><!--advertisement--><div class=\"mx-5 sm:mx-0 sm:text-3xl text-2xl font-medium title-font mb-4 text-gray-900 text-left\">\n<h2 class=\"wp-block-heading\"><strong>Secci\u00f3n V \u2013 Condiciones de garant\u00eda y limitaciones de responsabilidad<\/strong><\/h2>\n<\/div><div class=\"mx-5 sm:mx-0 prose leading-relaxed text-lg mb-5 text-left wp-paragraph\">\n<p>El acceso a nuestro servicio puede ser inestable y no garantizamos que sea completamente seguro o est\u00e9 libre de errores. Tampoco garantizamos la exactitud o confiabilidad de los resultados obtenidos del uso del servicio, el cual puede ser suspendido o interrumpido sin previo aviso.<\/p>\n<\/div><div class=\"mx-5 sm:mx-0 prose leading-relaxed text-lg mb-5 text-left wp-paragraph\">\n<p>Usted reconoce y acepta que toda la responsabilidad por el uso o la imposibilidad de utilizar el servicio recae \u00fanicamente en usted. El Servicio se proporciona &quot;tal cual&quot; y &quot;seg\u00fan disponibilidad&quot; sin garant\u00edas de ning\u00fan tipo, ya sea expresa o impl\u00edcita.<\/p>\n<\/div><div class=\"mx-5 sm:mx-0 prose leading-relaxed text-lg mb-5 text-left wp-paragraph\">\n<p>Mensagens do Bem y sus representantes no son responsables de ning\u00fan da\u00f1o, p\u00e9rdida o reclamo que pueda surgir del uso del servicio, incluyendo, entre otros, p\u00e9rdida de ganancias, datos u otras p\u00e9rdidas intangibles, que surjan del uso de cualquier servicio. o productos proporcionados por Mensagens do Bem.<\/p>\n<\/div><div class=\"mx-5 sm:mx-0 prose leading-relaxed text-lg mb-5 text-left wp-paragraph\">\n<p>En jurisdicciones que no permiten la exclusi\u00f3n o limitaci\u00f3n de responsabilidad por da\u00f1os consecuentes o incidentales, nuestra responsabilidad se limitar\u00e1 al m\u00e1ximo permitido por la ley aplicable.<\/p>\n<\/div><!--advertisement--><div class=\"mx-5 sm:mx-0 sm:text-3xl text-2xl font-medium title-font mb-4 text-gray-900 text-left\">\n<h2 class=\"wp-block-heading\"><strong>Secci\u00f3n VI \u2013 Vigencia y Plazo<\/strong><\/h2>\n<\/div><div class=\"mx-5 sm:mx-0 prose leading-relaxed text-lg mb-5 text-left wp-paragraph\">\n<p>6.1 Duraci\u00f3n de los T\u00e9rminos<\/p>\n<\/div><div class=\"mx-5 sm:mx-0 prose leading-relaxed text-lg mb-5 text-left wp-paragraph\">\n<p>Los T\u00e9rminos y Condiciones Generales de Uso de Mensagens do Bem permanecer\u00e1n vigentes por tiempo indefinido, hasta que sean modificados o revocados mediante nueva notificaci\u00f3n.<\/p>\n<\/div><div class=\"mx-5 sm:mx-0 prose leading-relaxed text-lg mb-5 text-left wp-paragraph\">\n<p>6.2 Limitaci\u00f3n Temporal de Acciones Legales<\/p>\n<\/div><div class=\"mx-5 sm:mx-0 prose leading-relaxed text-lg mb-5 text-left wp-paragraph\">\n<p>Cualquier acci\u00f3n legal o procedimiento administrativo vinculado al uso de Mensagens do Bem, seg\u00fan lo estipulado en estos T\u00e9rminos de Uso o la Pol\u00edtica de Privacidad, deber\u00e1 iniciarse en un plazo m\u00e1ximo de 90 d\u00edas despu\u00e9s del evento que motiv\u00f3 dicha acci\u00f3n.<\/p>\n<\/div><!--advertisement--><div class=\"mx-5 sm:mx-0 sm:text-3xl text-2xl font-medium title-font mb-4 text-gray-900 text-left\">\n<h2 class=\"wp-block-heading\"><strong>Secci\u00f3n VII - Legislaci\u00f3n Vigente y Competencia Jurisdiccional<\/strong><\/h2>\n<\/div><div class=\"mx-5 sm:mx-0 prose leading-relaxed text-lg mb-5 text-left wp-paragraph\">\n<p>Los T\u00e9rminos y Condiciones de Uso y la Pol\u00edtica de Privacidad del sitio web se rigen por las leyes de la Rep\u00fablica Federativa de Brasil. Esto incluye el cumplimiento de la Constituci\u00f3n Federal, el C\u00f3digo Civil, el C\u00f3digo de Protecci\u00f3n al Consumidor, el Marco Civil da Internet y la Ley General de Protecci\u00f3n de Datos Personales.<\/p>\n<\/div><!--advertisement--><div class=\"mx-5 sm:mx-0 sm:text-3xl text-2xl font-medium title-font mb-4 text-gray-900 text-left\">\n<h2 class=\"wp-block-heading\"><strong>Secci\u00f3n VIII \u2013 Propiedad intelectual y limitaciones de responsabilidad<\/strong><\/h2>\n<\/div><div class=\"mx-5 sm:mx-0 prose leading-relaxed text-lg mb-5 text-left wp-paragraph\">\n<p>8.1 Protecci\u00f3n de la propiedad intelectual<\/p>\n<\/div><div class=\"mx-5 sm:mx-0 prose leading-relaxed text-lg mb-5 text-left wp-paragraph\">\n<p>Todos los contenidos disponibles en Mensagens do Bem, incluidos los proporcionados por el sitio web y sus socios, est\u00e1n protegidos por las leyes de derechos de autor y propiedad intelectual. Est\u00e1 prohibido reproducir, modificar, distribuir, exhibir o crear trabajos derivados de estos materiales sin la autorizaci\u00f3n expresa por escrito de Mensagens do Bem.<\/p>\n<\/div><div class=\"mx-5 sm:mx-0 prose leading-relaxed text-lg mb-5 text-left wp-paragraph\">\n<p>8.2 Exclusi\u00f3n de Responsabilidad<\/p>\n<\/div><div class=\"mx-5 sm:mx-0 prose leading-relaxed text-lg mb-5 text-left wp-paragraph\">\n<p>Mensagens do Bem se exime de responsabilidad por cualquier contenido generado por los usuarios, como comentarios en foros o redes sociales, as\u00ed como por cualquier da\u00f1o directo o indirecto que pueda derivarse del uso del sitio web.<\/p>\n<\/div><div class=\"mx-5 sm:mx-0 prose leading-relaxed text-lg mb-5 text-left wp-paragraph\">\n<p>8.3 Gesti\u00f3n de infracciones<\/p>\n<\/div><div class=\"mx-5 sm:mx-0 prose leading-relaxed text-lg mb-5 text-left wp-paragraph\">\n<p>Mensagens do Bem se reserva el derecho de eliminar cualquier contenido que viole estos t\u00e9rminos, particularmente aquellos que sean ilegales, ofensivos, difamatorios o que violen los derechos de terceros. Mensagens do Bem tambi\u00e9n podr\u00e1 inhabilitar las cuentas de los usuarios que no respeten los t\u00e9rminos estipulados.<\/p>\n<\/div><!--advertisement--><div class=\"mx-5 sm:mx-0 sm:text-3xl text-2xl font-medium title-font mb-4 text-gray-900 text-left\">\n<h2 class=\"wp-block-heading\"><strong>Secci\u00f3n IX \u2013 Modificaciones a T\u00e9rminos y Condiciones<\/strong><\/h2>\n<\/div><div class=\"mx-5 sm:mx-0 prose leading-relaxed text-lg mb-5 text-left wp-paragraph\">\n<p>Mensagens do Bem se reserva el derecho de cambiar, suspender o interrumpir cualquier aspecto de sus servicios en cualquier momento, sin obligaci\u00f3n de previo aviso. En estas circunstancias, no es necesario dar explicaciones a los usuarios o terceros sobre los cambios realizados.<\/p>\n<\/div><div class=\"mx-5 sm:mx-0 prose leading-relaxed text-lg mb-5 text-left wp-paragraph\">\n<p>El uso continuado del sitio web despu\u00e9s de dichos cambios constituye la aceptaci\u00f3n t\u00e1cita de los T\u00e9rminos y condiciones modificados. Si no est\u00e1 de acuerdo con los cambios propuestos, se recomienda que deje de utilizar el sitio web.<\/p>\n<\/div><!--advertisement--><div class=\"mx-5 sm:mx-0 sm:text-3xl text-2xl font-medium title-font mb-4 text-gray-900 text-left\">\n<h2 class=\"wp-block-heading\"><strong>Secci\u00f3n X \u2013 Contacto con Mensagens do Bem<\/strong><\/h2>\n<\/div><div class=\"mx-5 sm:mx-0 prose leading-relaxed text-lg mb-5 text-left wp-paragraph\">\n<p>Para cualquier pregunta o sugerencia sobre nuestros servicios, le animamos a ponerse en contacto con nuestro equipo de atenci\u00f3n al cliente. Visita <a style=\" color:;\" href=\"https:\/\/mensagensdobem.com.br\/es\/contact\/\">https:\/\/mensagensdobem.com.br\/contact\/<\/a> y complete el formulario para enviar su mensaje de manera eficiente y directa.<\/p>\n<\/div>","protected":false},"excerpt":{"rendered":"<p>Actualizado el 29 de noviembre de 2024. Mensagens do Bem gestiona su propio sitio web, al que se puede acceder a trav\u00e9s del enlace https:\/\/mensagensdobem.com.br. Cuando decimos \u00abnosotros\u00bb o \u00abnuestro\u00bb, nos referimos al equipo administrativo de Mensagens do Bem. El portal presenta una rica diversidad de informaci\u00f3n, servicios y contenidos, y acceder a \u00e9l implica\u2026 <a class=\"more-link\" href=\"https:\/\/mensagensdobem.com.br\/es\/terms\/\">Sigue leyendo <span class=\"screen-reader-text\">Condiciones de uso \u2013 Mensagens do Bem<\/span><\/a><\/p>","protected":false},"author":18,"featured_media":0,"parent":0,"menu_order":0,"comment_status":"closed","ping_status":"closed","template":"","meta":{"footnotes":""},"yoast_head":"<!-- This site is optimized with the Yoast SEO plugin v23.3 - https:\/\/yoast.com\/wordpress\/plugins\/seo\/ -->\n<title>Termos de Uso - Mensagens do Bem - MDB<\/title>\n<meta name=\"robots\" content=\"index, follow, max-snippet:-1, max-image-preview:large, max-video-preview:-1\" \/>\n<link rel=\"canonical\" href=\"https:\/\/mensagensdobem.com.br\/es\/terms\/\" \/>\n<meta property=\"og:locale\" content=\"es_MX\" \/>\n<meta property=\"og:type\" content=\"article\" \/>\n<meta property=\"og:title\" content=\"Termos de Uso - Mensagens do Bem - MDB\" \/>\n<meta property=\"og:description\" content=\"Atualizado em 29 de novembro de 2024. O Mensagens do Bem \u00e9 o ente gestor do seu pr\u00f3prio site, que pode ser acessado atrav\u00e9s do link https:\/\/mensagensdobem.com.br. Quando falamos \u201cn\u00f3s\u201d ou \u201cnosso\u201d, referimo-nos \u00e0 equipe administrativa do Mensagens do Bem. O portal apresenta uma rica diversidade de informa\u00e7\u00f5es, servi\u00e7os e conte\u00fados, e acess\u00e1-lo implica em&hellip; Continue reading Termos de Uso &#8211; Mensagens do Bem\" \/>\n<meta property=\"og:url\" content=\"https:\/\/mensagensdobem.com.br\/es\/terms\/\" \/>\n<meta property=\"og:site_name\" content=\"MDB\" \/>\n<meta property=\"article:modified_time\" content=\"2024-11-29T12:28:09+00:00\" \/>\n<meta name=\"twitter:card\" content=\"summary_large_image\" \/>\n<meta name=\"twitter:label1\" content=\"Est. reading time\" \/>\n\t<meta name=\"twitter:data1\" content=\"9 minutos\" \/>\n<script type=\"application\/ld+json\" class=\"yoast-schema-graph\">{\"@context\":\"https:\/\/schema.org\",\"@graph\":[{\"@type\":\"WebPage\",\"@id\":\"https:\/\/mensagensdobem.com.br\/terms\/\",\"url\":\"https:\/\/mensagensdobem.com.br\/terms\/\",\"name\":\"Termos de Uso - Mensagens do Bem - MDB\",\"isPartOf\":{\"@id\":\"https:\/\/mensagensdobem.com.br\/#website\"},\"datePublished\":\"2024-11-29T12:28:08+00:00\",\"dateModified\":\"2024-11-29T12:28:09+00:00\",\"breadcrumb\":{\"@id\":\"https:\/\/mensagensdobem.com.br\/terms\/#breadcrumb\"},\"inLanguage\":\"es-MX\",\"potentialAction\":[{\"@type\":\"ReadAction\",\"target\":[\"https:\/\/mensagensdobem.com.br\/terms\/\"]}]},{\"@type\":\"BreadcrumbList\",\"@id\":\"https:\/\/mensagensdobem.com.br\/terms\/#breadcrumb\",\"itemListElement\":[{\"@type\":\"ListItem\",\"position\":1,\"name\":\"Home\",\"item\":\"https:\/\/mensagensdobem.com.br\/\"},{\"@type\":\"ListItem\",\"position\":2,\"name\":\"Termos de Uso &#8211; Mensagens do Bem\"}]},{\"@type\":\"WebSite\",\"@id\":\"https:\/\/mensagensdobem.com.br\/#website\",\"url\":\"https:\/\/mensagensdobem.com.br\/\",\"name\":\"MDB\",\"description\":\"\",\"potentialAction\":[{\"@type\":\"SearchAction\",\"target\":{\"@type\":\"EntryPoint\",\"urlTemplate\":\"https:\/\/mensagensdobem.com.br\/?s={search_term_string}\"},\"query-input\":\"required name=search_term_string\"}],\"inLanguage\":\"es-MX\"}]}<\/script>\n<!-- \/ Yoast SEO plugin. -->","yoast_head_json":{"title":"Termos de Uso - Mensagens do Bem - MDB","robots":{"index":"index","follow":"follow","max-snippet":"max-snippet:-1","max-image-preview":"max-image-preview:large","max-video-preview":"max-video-preview:-1"},"canonical":"https:\/\/mensagensdobem.com.br\/es\/terms\/","og_locale":"es_MX","og_type":"article","og_title":"Termos de Uso - Mensagens do Bem - MDB","og_description":"Atualizado em 29 de novembro de 2024. O Mensagens do Bem \u00e9 o ente gestor do seu pr\u00f3prio site, que pode ser acessado atrav\u00e9s do link https:\/\/mensagensdobem.com.br. Quando falamos \u201cn\u00f3s\u201d ou \u201cnosso\u201d, referimo-nos \u00e0 equipe administrativa do Mensagens do Bem. O portal apresenta uma rica diversidade de informa\u00e7\u00f5es, servi\u00e7os e conte\u00fados, e acess\u00e1-lo implica em&hellip; Continue reading Termos de Uso &#8211; Mensagens do Bem","og_url":"https:\/\/mensagensdobem.com.br\/es\/terms\/","og_site_name":"MDB","article_modified_time":"2024-11-29T12:28:09+00:00","twitter_card":"summary_large_image","twitter_misc":{"Est. reading time":"9 minutos"},"schema":{"@context":"https:\/\/schema.org","@graph":[{"@type":"WebPage","@id":"https:\/\/mensagensdobem.com.br\/terms\/","url":"https:\/\/mensagensdobem.com.br\/terms\/","name":"Termos de Uso - Mensagens do Bem - MDB","isPartOf":{"@id":"https:\/\/mensagensdobem.com.br\/#website"},"datePublished":"2024-11-29T12:28:08+00:00","dateModified":"2024-11-29T12:28:09+00:00","breadcrumb":{"@id":"https:\/\/mensagensdobem.com.br\/terms\/#breadcrumb"},"inLanguage":"es-MX","potentialAction":[{"@type":"ReadAction","target":["https:\/\/mensagensdobem.com.br\/terms\/"]}]},{"@type":"BreadcrumbList","@id":"https:\/\/mensagensdobem.com.br\/terms\/#breadcrumb","itemListElement":[{"@type":"ListItem","position":1,"name":"Home","item":"https:\/\/mensagensdobem.com.br\/"},{"@type":"ListItem","position":2,"name":"Termos de Uso &#8211; Mensagens do Bem"}]},{"@type":"WebSite","@id":"https:\/\/mensagensdobem.com.br\/#website","url":"https:\/\/mensagensdobem.com.br\/","name":"MDB","description":"","potentialAction":[{"@type":"SearchAction","target":{"@type":"EntryPoint","urlTemplate":"https:\/\/mensagensdobem.com.br\/?s={search_term_string}"},"query-input":"required name=search_term_string"}],"inLanguage":"es-MX"}]}},"_links":{"self":[{"href":"https:\/\/mensagensdobem.com.br\/es\/wp-json\/wp\/v2\/pages\/125"}],"collection":[{"href":"https:\/\/mensagensdobem.com.br\/es\/wp-json\/wp\/v2\/pages"}],"about":[{"href":"https:\/\/mensagensdobem.com.br\/es\/wp-json\/wp\/v2\/types\/page"}],"author":[{"embeddable":true,"href":"https:\/\/mensagensdobem.com.br\/es\/wp-json\/wp\/v2\/users\/18"}],"replies":[{"embeddable":true,"href":"https:\/\/mensagensdobem.com.br\/es\/wp-json\/wp\/v2\/comments?post=125"}],"version-history":[{"count":1,"href":"https:\/\/mensagensdobem.com.br\/es\/wp-json\/wp\/v2\/pages\/125\/revisions"}],"predecessor-version":[{"id":126,"href":"https:\/\/mensagensdobem.com.br\/es\/wp-json\/wp\/v2\/pages\/125\/revisions\/126"}],"wp:attachment":[{"href":"https:\/\/mensagensdobem.com.br\/es\/wp-json\/wp\/v2\/media?parent=125"}],"curies":[{"name":"wp","href":"https:\/\/api.w.org\/{rel}","templated":true}]}}