{"id":130,"date":"2024-11-29T13:33:10","date_gmt":"2024-11-29T13:33:10","guid":{"rendered":"https:\/\/mensagensdobem.com.br\/?page_id=130"},"modified":"2025-01-23T20:19:54","modified_gmt":"2025-01-23T20:19:54","slug":"about","status":"publish","type":"page","link":"https:\/\/mensagensdobem.com.br\/es\/about\/","title":{"rendered":"\u00bfQu\u00e9 son los Mensajes de Bien?"},"content":{"rendered":"<div class=\"mx-5 sm:mx-0 prose leading-relaxed text-lg mb-5 text-left wp-paragraph\">\n<p>\u00a1Bienvenido a Mensagens do Bem, tu para\u00edso de positividad, tecnolog\u00eda e inspiraci\u00f3n! Aqu\u00ed destacamos el impacto de las palabras y las acciones, promoviendo un entorno donde se valora el optimismo y la reflexi\u00f3n y donde se buscan herramientas para hacer el d\u00eda a d\u00eda m\u00e1s f\u00e1cil.<\/p>\n<\/div><div class=\"mx-5 sm:mx-0 prose leading-relaxed text-lg mb-5 text-left wp-paragraph\">\n<p>Explora un universo de contenido que transforma la vida cotidiana en momentos significativos y edificantes.<\/p>\n<\/div><!--advertisement--><div class=\"mx-5 sm:mx-0 sm:text-3xl text-2xl font-medium title-font mb-4 text-gray-900 text-left\">\n<h2 class=\"wp-block-heading\">Quienes somos<\/h2>\n<\/div><div class=\"mx-5 sm:mx-0 prose leading-relaxed text-lg mb-5 text-left wp-paragraph\">\n<p>Somos un equipo dedicado a difundir mensajes de optimismo y motivaci\u00f3n. En Mensagens do Bem reunimos a profesionales y entusiastas de diferentes \u00e1reas para crear contenido que no solo informe, sino que tambi\u00e9n eleve e inspire. Nuestro prop\u00f3sito es convertir cada art\u00edculo en una fuente de aliento, ayudando a nuestros lectores a ver el mundo bajo una luz m\u00e1s brillante y explorar temas con renovado vigor y esperanza.<\/p>\n<\/div><!--advertisement--><div class=\"mx-5 sm:mx-0 sm:text-3xl text-2xl font-medium title-font mb-4 text-gray-900 text-left\">\n<h2 class=\"wp-block-heading\">Lo que ofrecemos<\/h2>\n<\/div><div class=\"mx-5 sm:mx-0 prose leading-relaxed text-lg mb-5 text-left wp-paragraph\">\n<p>Ofrecemos una amplia gama de contenidos que van desde consejos pr\u00e1cticos para mejorar el bienestar hasta consejos sobre herramientas y aplicaciones para facilitar las pr\u00e1cticas diarias. <\/p>\n<\/div><div class=\"mx-5 sm:mx-0 prose leading-relaxed text-lg mb-5 text-left wp-paragraph\">\n<p>Aqu\u00ed encontrar\u00e1s art\u00edculos que revelan los secretos para una vida m\u00e1s pr\u00e1ctica y equilibrada, acompa\u00f1ados de consejos sobre herramientas que enriquecer\u00e1n tu esp\u00edritu. <\/p>\n<\/div><div class=\"mx-5 sm:mx-0 prose leading-relaxed text-lg mb-5 text-left wp-paragraph\">\n<p>Cada texto est\u00e1 meticulosamente elaborado no solo para transmitir informaci\u00f3n, sino tambi\u00e9n para brindar una experiencia de lectura \u00fanica.<\/p>\n<\/div><!--advertisement--><div class=\"mx-5 sm:mx-0 sm:text-3xl text-2xl font-medium title-font mb-4 text-gray-900 text-left\">\n<h2 class=\"wp-block-heading\">Aviso Legal<\/h2>\n<\/div><div class=\"mx-5 sm:mx-0 prose leading-relaxed text-lg mb-5 text-left wp-paragraph\">\n<p><em>Los consejos de salud y bienestar proporcionados en Mensagens do Bem est\u00e1n destinados \u00fanicamente a fines informativos y no reemplazan el asesoramiento, diagn\u00f3stico o tratamiento m\u00e9dico profesional. Si tiene alguna inquietud o pregunta relacionada con su salud, siempre se recomienda buscar el consejo de un m\u00e9dico u otro profesional de la salud calificado. Nunca ignore el consejo m\u00e9dico profesional basado en algo que haya le\u00eddo en nuestro sitio web.<\/em><\/p>\n<\/div>","protected":false},"excerpt":{"rendered":"<p>\u00a1Bienvenido a Mensagens do Bem, tu refugio de positividad, tecnolog\u00eda e inspiraci\u00f3n! Aqu\u00ed, destacamos el impacto de las palabras y las acciones, promoviendo un entorno donde se valora el optimismo y la reflexi\u00f3n, y donde buscamos herramientas para simplificar la vida cotidiana. Explora un universo de contenido que transforma la vida cotidiana en\u2026 <a class=\"more-link\" href=\"https:\/\/mensagensdobem.com.br\/es\/about\/\">Sigue leyendo <span class=\"screen-reader-text\">\u00bfQu\u00e9 son los Mensajes de Bien?<\/span><\/a><\/p>","protected":false},"author":18,"featured_media":0,"parent":0,"menu_order":0,"comment_status":"closed","ping_status":"closed","template":"","meta":{"footnotes":""},"yoast_head":"<!-- This site is optimized with the Yoast SEO plugin v23.3 - https:\/\/yoast.com\/wordpress\/plugins\/seo\/ -->\n<title>O que \u00e9 o Mensagens do Bem? - MDB<\/title>\n<meta name=\"robots\" content=\"index, follow, max-snippet:-1, max-image-preview:large, max-video-preview:-1\" \/>\n<link rel=\"canonical\" href=\"https:\/\/mensagensdobem.com.br\/es\/about\/\" \/>\n<meta property=\"og:locale\" content=\"es_MX\" \/>\n<meta property=\"og:type\" content=\"article\" \/>\n<meta property=\"og:title\" content=\"O que \u00e9 o Mensagens do Bem? - MDB\" \/>\n<meta property=\"og:description\" content=\"Bem-vindo ao Mensagens do Bem, seu ref\u00fagio de positividade, tecnologia e inspira\u00e7\u00e3o! Aqui, destacamos o impacto das palavras e das a\u00e7\u00f5es, promovendo um ambiente onde o otimismo e a reflex\u00e3o s\u00e3o valorizados e onde buscamos ferramentas para trazer mais facilidade para o dia a dia. Explore um universo de conte\u00fados que transformam o cotidiano em&hellip; Continue reading O que \u00e9 o Mensagens do Bem?\" \/>\n<meta property=\"og:url\" content=\"https:\/\/mensagensdobem.com.br\/es\/about\/\" \/>\n<meta property=\"og:site_name\" content=\"MDB\" \/>\n<meta property=\"article:modified_time\" content=\"2025-01-23T20:19:54+00:00\" \/>\n<meta name=\"twitter:card\" content=\"summary_large_image\" \/>\n<meta name=\"twitter:label1\" content=\"Est. reading time\" \/>\n\t<meta name=\"twitter:data1\" content=\"2 minutos\" \/>\n<script type=\"application\/ld+json\" class=\"yoast-schema-graph\">{\"@context\":\"https:\/\/schema.org\",\"@graph\":[{\"@type\":\"WebPage\",\"@id\":\"https:\/\/mensagensdobem.com.br\/about\/\",\"url\":\"https:\/\/mensagensdobem.com.br\/about\/\",\"name\":\"O que \u00e9 o Mensagens do Bem? - MDB\",\"isPartOf\":{\"@id\":\"https:\/\/mensagensdobem.com.br\/#website\"},\"datePublished\":\"2024-11-29T13:33:10+00:00\",\"dateModified\":\"2025-01-23T20:19:54+00:00\",\"breadcrumb\":{\"@id\":\"https:\/\/mensagensdobem.com.br\/about\/#breadcrumb\"},\"inLanguage\":\"es-MX\",\"potentialAction\":[{\"@type\":\"ReadAction\",\"target\":[\"https:\/\/mensagensdobem.com.br\/about\/\"]}]},{\"@type\":\"BreadcrumbList\",\"@id\":\"https:\/\/mensagensdobem.com.br\/about\/#breadcrumb\",\"itemListElement\":[{\"@type\":\"ListItem\",\"position\":1,\"name\":\"Home\",\"item\":\"https:\/\/mensagensdobem.com.br\/\"},{\"@type\":\"ListItem\",\"position\":2,\"name\":\"O que \u00e9 o Mensagens do Bem?\"}]},{\"@type\":\"WebSite\",\"@id\":\"https:\/\/mensagensdobem.com.br\/#website\",\"url\":\"https:\/\/mensagensdobem.com.br\/\",\"name\":\"MDB\",\"description\":\"\",\"potentialAction\":[{\"@type\":\"SearchAction\",\"target\":{\"@type\":\"EntryPoint\",\"urlTemplate\":\"https:\/\/mensagensdobem.com.br\/?s={search_term_string}\"},\"query-input\":\"required name=search_term_string\"}],\"inLanguage\":\"es-MX\"}]}<\/script>\n<!-- \/ Yoast SEO plugin. -->","yoast_head_json":{"title":"O que \u00e9 o Mensagens do Bem? - MDB","robots":{"index":"index","follow":"follow","max-snippet":"max-snippet:-1","max-image-preview":"max-image-preview:large","max-video-preview":"max-video-preview:-1"},"canonical":"https:\/\/mensagensdobem.com.br\/es\/about\/","og_locale":"es_MX","og_type":"article","og_title":"O que \u00e9 o Mensagens do Bem? - MDB","og_description":"Bem-vindo ao Mensagens do Bem, seu ref\u00fagio de positividade, tecnologia e inspira\u00e7\u00e3o! Aqui, destacamos o impacto das palavras e das a\u00e7\u00f5es, promovendo um ambiente onde o otimismo e a reflex\u00e3o s\u00e3o valorizados e onde buscamos ferramentas para trazer mais facilidade para o dia a dia. Explore um universo de conte\u00fados que transformam o cotidiano em&hellip; Continue reading O que \u00e9 o Mensagens do Bem?","og_url":"https:\/\/mensagensdobem.com.br\/es\/about\/","og_site_name":"MDB","article_modified_time":"2025-01-23T20:19:54+00:00","twitter_card":"summary_large_image","twitter_misc":{"Est. reading time":"2 minutos"},"schema":{"@context":"https:\/\/schema.org","@graph":[{"@type":"WebPage","@id":"https:\/\/mensagensdobem.com.br\/about\/","url":"https:\/\/mensagensdobem.com.br\/about\/","name":"O que \u00e9 o Mensagens do Bem? - MDB","isPartOf":{"@id":"https:\/\/mensagensdobem.com.br\/#website"},"datePublished":"2024-11-29T13:33:10+00:00","dateModified":"2025-01-23T20:19:54+00:00","breadcrumb":{"@id":"https:\/\/mensagensdobem.com.br\/about\/#breadcrumb"},"inLanguage":"es-MX","potentialAction":[{"@type":"ReadAction","target":["https:\/\/mensagensdobem.com.br\/about\/"]}]},{"@type":"BreadcrumbList","@id":"https:\/\/mensagensdobem.com.br\/about\/#breadcrumb","itemListElement":[{"@type":"ListItem","position":1,"name":"Home","item":"https:\/\/mensagensdobem.com.br\/"},{"@type":"ListItem","position":2,"name":"O que \u00e9 o Mensagens do Bem?"}]},{"@type":"WebSite","@id":"https:\/\/mensagensdobem.com.br\/#website","url":"https:\/\/mensagensdobem.com.br\/","name":"MDB","description":"","potentialAction":[{"@type":"SearchAction","target":{"@type":"EntryPoint","urlTemplate":"https:\/\/mensagensdobem.com.br\/?s={search_term_string}"},"query-input":"required name=search_term_string"}],"inLanguage":"es-MX"}]}},"_links":{"self":[{"href":"https:\/\/mensagensdobem.com.br\/es\/wp-json\/wp\/v2\/pages\/130"}],"collection":[{"href":"https:\/\/mensagensdobem.com.br\/es\/wp-json\/wp\/v2\/pages"}],"about":[{"href":"https:\/\/mensagensdobem.com.br\/es\/wp-json\/wp\/v2\/types\/page"}],"author":[{"embeddable":true,"href":"https:\/\/mensagensdobem.com.br\/es\/wp-json\/wp\/v2\/users\/18"}],"replies":[{"embeddable":true,"href":"https:\/\/mensagensdobem.com.br\/es\/wp-json\/wp\/v2\/comments?post=130"}],"version-history":[{"count":2,"href":"https:\/\/mensagensdobem.com.br\/es\/wp-json\/wp\/v2\/pages\/130\/revisions"}],"predecessor-version":[{"id":522,"href":"https:\/\/mensagensdobem.com.br\/es\/wp-json\/wp\/v2\/pages\/130\/revisions\/522"}],"wp:attachment":[{"href":"https:\/\/mensagensdobem.com.br\/es\/wp-json\/wp\/v2\/media?parent=130"}],"curies":[{"name":"wp","href":"https:\/\/api.w.org\/{rel}","templated":true}]}}