{"id":130,"date":"2024-11-29T13:33:10","date_gmt":"2024-11-29T13:33:10","guid":{"rendered":"https:\/\/mensagensdobem.com.br\/?page_id=130"},"modified":"2025-01-23T20:19:54","modified_gmt":"2025-01-23T20:19:54","slug":"about","status":"publish","type":"page","link":"https:\/\/mensagensdobem.com.br\/fr\/about\/","title":{"rendered":"Qu&#039;est-ce que Messages of Good ?"},"content":{"rendered":"<div class=\"mx-5 sm:mx-0 prose leading-relaxed text-lg mb-5 text-left wp-paragraph\">\n<p>Bienvenue chez Mensagens do Bem, votre havre de positivit\u00e9, de technologie et d&#039;inspiration ! Ici, nous mettons en valeur l\u2019impact des mots et des actes, en favorisant un environnement o\u00f9 l\u2019optimisme et la r\u00e9flexion sont valoris\u00e9s et o\u00f9 nous cherchons des outils pour faciliter le quotidien.<\/p>\n<\/div><div class=\"mx-5 sm:mx-0 prose leading-relaxed text-lg mb-5 text-left wp-paragraph\">\n<p>Explorez un univers de contenu qui transforme la vie quotidienne en moments significatifs et \u00e9difiants.<\/p>\n<\/div><!--advertisement--><div class=\"mx-5 sm:mx-0 sm:text-3xl text-2xl font-medium title-font mb-4 text-gray-900 text-left\">\n<h2 class=\"wp-block-heading\">Qui sommes-nous<\/h2>\n<\/div><div class=\"mx-5 sm:mx-0 prose leading-relaxed text-lg mb-5 text-left wp-paragraph\">\n<p>Nous sommes une \u00e9quipe d\u00e9di\u00e9e \u00e0 diffuser des messages d&#039;optimisme et de motivation. Chez Mensagens do Bem, nous r\u00e9unissons des professionnels et des passionn\u00e9s de diff\u00e9rents domaines pour cr\u00e9er du contenu qui non seulement informe, mais aussi \u00e9l\u00e8ve et inspire. Notre objectif est de transformer chaque article en une source d\u2019encouragement, aidant nos lecteurs \u00e0 voir le monde sous un jour plus lumineux et \u00e0 explorer des sujets avec une vigueur et un espoir renouvel\u00e9s.<\/p>\n<\/div><!--advertisement--><div class=\"mx-5 sm:mx-0 sm:text-3xl text-2xl font-medium title-font mb-4 text-gray-900 text-left\">\n<h2 class=\"wp-block-heading\">Ce que nous offrons<\/h2>\n<\/div><div class=\"mx-5 sm:mx-0 prose leading-relaxed text-lg mb-5 text-left wp-paragraph\">\n<p>Nous proposons une large gamme de contenus allant des conseils pratiques pour am\u00e9liorer le bien-\u00eatre aux conseils sur les outils et applications pour faciliter les pratiques du quotidien. <\/p>\n<\/div><div class=\"mx-5 sm:mx-0 prose leading-relaxed text-lg mb-5 text-left wp-paragraph\">\n<p>Vous trouverez ici des articles qui d\u00e9voilent les secrets d&#039;une vie plus pratique et \u00e9quilibr\u00e9e, accompagn\u00e9s de conseils sur des outils qui enrichiront votre esprit. <\/p>\n<\/div><div class=\"mx-5 sm:mx-0 prose leading-relaxed text-lg mb-5 text-left wp-paragraph\">\n<p>Chaque texte est m\u00e9ticuleusement \u00e9labor\u00e9 pour non seulement transmettre des informations, mais \u00e9galement offrir une exp\u00e9rience de lecture unique.<\/p>\n<\/div><!--advertisement--><div class=\"mx-5 sm:mx-0 sm:text-3xl text-2xl font-medium title-font mb-4 text-gray-900 text-left\">\n<h2 class=\"wp-block-heading\">Mentions l\u00e9gales<\/h2>\n<\/div><div class=\"mx-5 sm:mx-0 prose leading-relaxed text-lg mb-5 text-left wp-paragraph\">\n<p><em>Les conseils de sant\u00e9 et de bien-\u00eatre fournis sur Mensagens do Bem sont destin\u00e9s \u00e0 des fins d&#039;information uniquement et ne remplacent pas un avis m\u00e9dical professionnel, un diagnostic ou un traitement. Si vous avez des inqui\u00e9tudes ou des questions concernant votre sant\u00e9, il est toujours recommand\u00e9 de demander conseil \u00e0 un m\u00e9decin ou \u00e0 un autre professionnel de la sant\u00e9 qualifi\u00e9. Ne n\u00e9gligez jamais un avis m\u00e9dical professionnel bas\u00e9 sur quelque chose que vous avez lu sur notre site Web.<\/em><\/p>\n<\/div>","protected":false},"excerpt":{"rendered":"<p>Bienvenue sur Mensagens do Bem, votre havre de positivit\u00e9, de technologie et d&#039;inspiration ! Ici, nous mettons en lumi\u00e8re l&#039;impact des mots et des actes, favorisant un environnement o\u00f9 l&#039;optimisme et la r\u00e9flexion sont valoris\u00e9s et o\u00f9 nous recherchons des outils pour simplifier le quotidien. Explorez un univers de contenus qui transforme le quotidien en\u2026 <a class=\"more-link\" href=\"https:\/\/mensagensdobem.com.br\/fr\/about\/\">Continuer \u00e0 lire <span class=\"screen-reader-text\">Qu&#039;est-ce que Messages of Good ?<\/span><\/a><\/p>","protected":false},"author":18,"featured_media":0,"parent":0,"menu_order":0,"comment_status":"closed","ping_status":"closed","template":"","meta":{"footnotes":""},"yoast_head":"<!-- This site is optimized with the Yoast SEO plugin v23.3 - https:\/\/yoast.com\/wordpress\/plugins\/seo\/ -->\n<title>O que \u00e9 o Mensagens do Bem? - MDB<\/title>\n<meta name=\"robots\" content=\"index, follow, max-snippet:-1, max-image-preview:large, max-video-preview:-1\" \/>\n<link rel=\"canonical\" href=\"https:\/\/mensagensdobem.com.br\/fr\/about\/\" \/>\n<meta property=\"og:locale\" content=\"fr_FR\" \/>\n<meta property=\"og:type\" content=\"article\" \/>\n<meta property=\"og:title\" content=\"O que \u00e9 o Mensagens do Bem? - MDB\" \/>\n<meta property=\"og:description\" content=\"Bem-vindo ao Mensagens do Bem, seu ref\u00fagio de positividade, tecnologia e inspira\u00e7\u00e3o! Aqui, destacamos o impacto das palavras e das a\u00e7\u00f5es, promovendo um ambiente onde o otimismo e a reflex\u00e3o s\u00e3o valorizados e onde buscamos ferramentas para trazer mais facilidade para o dia a dia. Explore um universo de conte\u00fados que transformam o cotidiano em&hellip; Continue reading O que \u00e9 o Mensagens do Bem?\" \/>\n<meta property=\"og:url\" content=\"https:\/\/mensagensdobem.com.br\/fr\/about\/\" \/>\n<meta property=\"og:site_name\" content=\"MDB\" \/>\n<meta property=\"article:modified_time\" content=\"2025-01-23T20:19:54+00:00\" \/>\n<meta name=\"twitter:card\" content=\"summary_large_image\" \/>\n<meta name=\"twitter:label1\" content=\"Est. reading time\" \/>\n\t<meta name=\"twitter:data1\" content=\"2 minutes\" \/>\n<script type=\"application\/ld+json\" class=\"yoast-schema-graph\">{\"@context\":\"https:\/\/schema.org\",\"@graph\":[{\"@type\":\"WebPage\",\"@id\":\"https:\/\/mensagensdobem.com.br\/about\/\",\"url\":\"https:\/\/mensagensdobem.com.br\/about\/\",\"name\":\"O que \u00e9 o Mensagens do Bem? - MDB\",\"isPartOf\":{\"@id\":\"https:\/\/mensagensdobem.com.br\/#website\"},\"datePublished\":\"2024-11-29T13:33:10+00:00\",\"dateModified\":\"2025-01-23T20:19:54+00:00\",\"breadcrumb\":{\"@id\":\"https:\/\/mensagensdobem.com.br\/about\/#breadcrumb\"},\"inLanguage\":\"fr-FR\",\"potentialAction\":[{\"@type\":\"ReadAction\",\"target\":[\"https:\/\/mensagensdobem.com.br\/about\/\"]}]},{\"@type\":\"BreadcrumbList\",\"@id\":\"https:\/\/mensagensdobem.com.br\/about\/#breadcrumb\",\"itemListElement\":[{\"@type\":\"ListItem\",\"position\":1,\"name\":\"Home\",\"item\":\"https:\/\/mensagensdobem.com.br\/\"},{\"@type\":\"ListItem\",\"position\":2,\"name\":\"O que \u00e9 o Mensagens do Bem?\"}]},{\"@type\":\"WebSite\",\"@id\":\"https:\/\/mensagensdobem.com.br\/#website\",\"url\":\"https:\/\/mensagensdobem.com.br\/\",\"name\":\"MDB\",\"description\":\"\",\"potentialAction\":[{\"@type\":\"SearchAction\",\"target\":{\"@type\":\"EntryPoint\",\"urlTemplate\":\"https:\/\/mensagensdobem.com.br\/?s={search_term_string}\"},\"query-input\":\"required name=search_term_string\"}],\"inLanguage\":\"fr-FR\"}]}<\/script>\n<!-- \/ Yoast SEO plugin. -->","yoast_head_json":{"title":"O que \u00e9 o Mensagens do Bem? - MDB","robots":{"index":"index","follow":"follow","max-snippet":"max-snippet:-1","max-image-preview":"max-image-preview:large","max-video-preview":"max-video-preview:-1"},"canonical":"https:\/\/mensagensdobem.com.br\/fr\/about\/","og_locale":"fr_FR","og_type":"article","og_title":"O que \u00e9 o Mensagens do Bem? - MDB","og_description":"Bem-vindo ao Mensagens do Bem, seu ref\u00fagio de positividade, tecnologia e inspira\u00e7\u00e3o! Aqui, destacamos o impacto das palavras e das a\u00e7\u00f5es, promovendo um ambiente onde o otimismo e a reflex\u00e3o s\u00e3o valorizados e onde buscamos ferramentas para trazer mais facilidade para o dia a dia. Explore um universo de conte\u00fados que transformam o cotidiano em&hellip; Continue reading O que \u00e9 o Mensagens do Bem?","og_url":"https:\/\/mensagensdobem.com.br\/fr\/about\/","og_site_name":"MDB","article_modified_time":"2025-01-23T20:19:54+00:00","twitter_card":"summary_large_image","twitter_misc":{"Est. reading time":"2 minutes"},"schema":{"@context":"https:\/\/schema.org","@graph":[{"@type":"WebPage","@id":"https:\/\/mensagensdobem.com.br\/about\/","url":"https:\/\/mensagensdobem.com.br\/about\/","name":"O que \u00e9 o Mensagens do Bem? - MDB","isPartOf":{"@id":"https:\/\/mensagensdobem.com.br\/#website"},"datePublished":"2024-11-29T13:33:10+00:00","dateModified":"2025-01-23T20:19:54+00:00","breadcrumb":{"@id":"https:\/\/mensagensdobem.com.br\/about\/#breadcrumb"},"inLanguage":"fr-FR","potentialAction":[{"@type":"ReadAction","target":["https:\/\/mensagensdobem.com.br\/about\/"]}]},{"@type":"BreadcrumbList","@id":"https:\/\/mensagensdobem.com.br\/about\/#breadcrumb","itemListElement":[{"@type":"ListItem","position":1,"name":"Home","item":"https:\/\/mensagensdobem.com.br\/"},{"@type":"ListItem","position":2,"name":"O que \u00e9 o Mensagens do Bem?"}]},{"@type":"WebSite","@id":"https:\/\/mensagensdobem.com.br\/#website","url":"https:\/\/mensagensdobem.com.br\/","name":"MDB","description":"","potentialAction":[{"@type":"SearchAction","target":{"@type":"EntryPoint","urlTemplate":"https:\/\/mensagensdobem.com.br\/?s={search_term_string}"},"query-input":"required name=search_term_string"}],"inLanguage":"fr-FR"}]}},"_links":{"self":[{"href":"https:\/\/mensagensdobem.com.br\/fr\/wp-json\/wp\/v2\/pages\/130"}],"collection":[{"href":"https:\/\/mensagensdobem.com.br\/fr\/wp-json\/wp\/v2\/pages"}],"about":[{"href":"https:\/\/mensagensdobem.com.br\/fr\/wp-json\/wp\/v2\/types\/page"}],"author":[{"embeddable":true,"href":"https:\/\/mensagensdobem.com.br\/fr\/wp-json\/wp\/v2\/users\/18"}],"replies":[{"embeddable":true,"href":"https:\/\/mensagensdobem.com.br\/fr\/wp-json\/wp\/v2\/comments?post=130"}],"version-history":[{"count":2,"href":"https:\/\/mensagensdobem.com.br\/fr\/wp-json\/wp\/v2\/pages\/130\/revisions"}],"predecessor-version":[{"id":522,"href":"https:\/\/mensagensdobem.com.br\/fr\/wp-json\/wp\/v2\/pages\/130\/revisions\/522"}],"wp:attachment":[{"href":"https:\/\/mensagensdobem.com.br\/fr\/wp-json\/wp\/v2\/media?parent=130"}],"curies":[{"name":"wp","href":"https:\/\/api.w.org\/{rel}","templated":true}]}}