{"id":130,"date":"2024-11-29T13:33:10","date_gmt":"2024-11-29T13:33:10","guid":{"rendered":"https:\/\/mensagensdobem.com.br\/?page_id=130"},"modified":"2025-01-23T20:19:54","modified_gmt":"2025-01-23T20:19:54","slug":"about","status":"publish","type":"page","link":"https:\/\/mensagensdobem.com.br\/tr\/about\/","title":{"rendered":"\u0130yilik Mesajlar\u0131 Nedir?"},"content":{"rendered":"<div class=\"mx-5 sm:mx-0 prose leading-relaxed text-lg mb-5 text-left wp-paragraph\">\n<p>Pozitifli\u011fin, teknolojinin ve ilham\u0131n cenneti Mensagens do Bem&#039;e ho\u015f geldiniz! Burada, iyimserli\u011fe ve d\u00fc\u015f\u00fcnceye de\u011fer verilen ve g\u00fcnl\u00fck ya\u015fam\u0131 kolayla\u015ft\u0131racak ara\u00e7lar arad\u0131\u011f\u0131m\u0131z bir ortam\u0131 te\u015fvik ederek s\u00f6zlerin ve eylemlerin etkisini vurguluyoruz.<\/p>\n<\/div><div class=\"mx-5 sm:mx-0 prose leading-relaxed text-lg mb-5 text-left wp-paragraph\">\n<p>G\u00fcnl\u00fck ya\u015fam\u0131 anlaml\u0131 ve canland\u0131r\u0131c\u0131 anlara d\u00f6n\u00fc\u015ft\u00fcren i\u00e7erik evrenini ke\u015ffedin.<\/p>\n<\/div><!--advertisement--><div class=\"mx-5 sm:mx-0 sm:text-3xl text-2xl font-medium title-font mb-4 text-gray-900 text-left\">\n<h2 class=\"wp-block-heading\">Biz Kimiz<\/h2>\n<\/div><div class=\"mx-5 sm:mx-0 prose leading-relaxed text-lg mb-5 text-left wp-paragraph\">\n<p>Biz iyimserlik ve motivasyon mesajlar\u0131n\u0131 yaymaya adanm\u0131\u015f bir ekibiz. Mensagens do Bem&#039;de, yaln\u0131zca bilgi veren de\u011fil ayn\u0131 zamanda y\u00fckselten ve ilham veren i\u00e7erikler olu\u015fturmak i\u00e7in farkl\u0131 alanlardan profesyonelleri ve merakl\u0131lar\u0131 bir araya getiriyoruz. Amac\u0131m\u0131z her makaleyi bir te\u015fvik kayna\u011f\u0131na d\u00f6n\u00fc\u015ft\u00fcrmek, okuyucular\u0131m\u0131z\u0131n d\u00fcnyay\u0131 daha parlak bir \u0131\u015f\u0131kta g\u00f6rmelerine ve konular\u0131 yenilenmi\u015f bir g\u00fc\u00e7 ve umutla ke\u015ffetmelerine yard\u0131mc\u0131 olmakt\u0131r.<\/p>\n<\/div><!--advertisement--><div class=\"mx-5 sm:mx-0 sm:text-3xl text-2xl font-medium title-font mb-4 text-gray-900 text-left\">\n<h2 class=\"wp-block-heading\">Ne Sunuyoruz?<\/h2>\n<\/div><div class=\"mx-5 sm:mx-0 prose leading-relaxed text-lg mb-5 text-left wp-paragraph\">\n<p>Sa\u011fl\u0131\u011f\u0131n\u0131z\u0131 iyile\u015ftirmeye y\u00f6nelik pratik ipu\u00e7lar\u0131ndan, g\u00fcnl\u00fck uygulamalar\u0131 kolayla\u015ft\u0131racak ara\u00e7 ve uygulamalara ili\u015fkin ipu\u00e7lar\u0131na kadar geni\u015f bir i\u00e7erik yelpazesi sunuyoruz. <\/p>\n<\/div><div class=\"mx-5 sm:mx-0 prose leading-relaxed text-lg mb-5 text-left wp-paragraph\">\n<p>Burada daha pratik ve dengeli bir ya\u015fam\u0131n s\u0131rlar\u0131n\u0131 ortaya koyan yaz\u0131lar ve ruhunuzu zenginle\u015ftirecek ipu\u00e7lar\u0131 bulacaks\u0131n\u0131z. <\/p>\n<\/div><div class=\"mx-5 sm:mx-0 prose leading-relaxed text-lg mb-5 text-left wp-paragraph\">\n<p>Her metin yaln\u0131zca bilgi aktarmak i\u00e7in de\u011fil, ayn\u0131 zamanda benzersiz bir okuma deneyimi sa\u011flamak i\u00e7in titizlikle haz\u0131rlanm\u0131\u015ft\u0131r.<\/p>\n<\/div><!--advertisement--><div class=\"mx-5 sm:mx-0 sm:text-3xl text-2xl font-medium title-font mb-4 text-gray-900 text-left\">\n<h2 class=\"wp-block-heading\">Yasal Uyar\u0131<\/h2>\n<\/div><div class=\"mx-5 sm:mx-0 prose leading-relaxed text-lg mb-5 text-left wp-paragraph\">\n<p><em>Mensagens do Bem&#039;de sunulan sa\u011fl\u0131k ve esenlik ipu\u00e7lar\u0131 yaln\u0131zca bilgilendirme ama\u00e7l\u0131d\u0131r ve profesyonel t\u0131bbi tavsiye, te\u015fhis veya tedavinin yerini almaz. Sa\u011fl\u0131\u011f\u0131n\u0131zla ilgili herhangi bir endi\u015feniz veya sorunuz varsa, her zaman bir hekimden veya ba\u015fka bir nitelikli sa\u011fl\u0131k uzman\u0131ndan tavsiye alman\u0131z \u00f6nerilir. Web sitemizde okudu\u011funuz bir \u015feye dayanarak profesyonel t\u0131bbi tavsiyeleri asla g\u00f6z ard\u0131 etmeyin.<\/em><\/p>\n<\/div>","protected":false},"excerpt":{"rendered":"<p>Pozitifli\u011fin, teknolojinin ve ilham\u0131n cenneti olan Mensagens do Bem&#039;e ho\u015f geldiniz! Burada, iyimserli\u011fin ve d\u00fc\u015f\u00fcncenin de\u011fer g\u00f6rd\u00fc\u011f\u00fc ve g\u00fcnl\u00fck hayat\u0131 kolayla\u015ft\u0131racak ara\u00e7lar arad\u0131\u011f\u0131m\u0131z bir ortam\u0131 te\u015fvik ederek, s\u00f6zlerin ve eylemlerin etkisini vurguluyoruz. G\u00fcnl\u00fck hayat\u0131 d\u00f6n\u00fc\u015ft\u00fcren bir i\u00e7erik evrenini ke\u015ffedin\u2026 <a class=\"more-link\" href=\"https:\/\/mensagensdobem.com.br\/tr\/about\/\">Okumaya devam et <span class=\"screen-reader-text\">\u0130yilik Mesajlar\u0131 Nedir?<\/span><\/a><\/p>","protected":false},"author":18,"featured_media":0,"parent":0,"menu_order":0,"comment_status":"closed","ping_status":"closed","template":"","meta":{"footnotes":""},"yoast_head":"<!-- This site is optimized with the Yoast SEO plugin v23.3 - https:\/\/yoast.com\/wordpress\/plugins\/seo\/ -->\n<title>O que \u00e9 o Mensagens do Bem? - MDB<\/title>\n<meta name=\"robots\" content=\"index, follow, max-snippet:-1, max-image-preview:large, max-video-preview:-1\" \/>\n<link rel=\"canonical\" href=\"https:\/\/mensagensdobem.com.br\/tr\/about\/\" \/>\n<meta property=\"og:locale\" content=\"tr_TR\" \/>\n<meta property=\"og:type\" content=\"article\" \/>\n<meta property=\"og:title\" content=\"O que \u00e9 o Mensagens do Bem? - MDB\" \/>\n<meta property=\"og:description\" content=\"Bem-vindo ao Mensagens do Bem, seu ref\u00fagio de positividade, tecnologia e inspira\u00e7\u00e3o! Aqui, destacamos o impacto das palavras e das a\u00e7\u00f5es, promovendo um ambiente onde o otimismo e a reflex\u00e3o s\u00e3o valorizados e onde buscamos ferramentas para trazer mais facilidade para o dia a dia. Explore um universo de conte\u00fados que transformam o cotidiano em&hellip; Continue reading O que \u00e9 o Mensagens do Bem?\" \/>\n<meta property=\"og:url\" content=\"https:\/\/mensagensdobem.com.br\/tr\/about\/\" \/>\n<meta property=\"og:site_name\" content=\"MDB\" \/>\n<meta property=\"article:modified_time\" content=\"2025-01-23T20:19:54+00:00\" \/>\n<meta name=\"twitter:card\" content=\"summary_large_image\" \/>\n<meta name=\"twitter:label1\" content=\"Est. reading time\" \/>\n\t<meta name=\"twitter:data1\" content=\"2 dakika\" \/>\n<script type=\"application\/ld+json\" class=\"yoast-schema-graph\">{\"@context\":\"https:\/\/schema.org\",\"@graph\":[{\"@type\":\"WebPage\",\"@id\":\"https:\/\/mensagensdobem.com.br\/about\/\",\"url\":\"https:\/\/mensagensdobem.com.br\/about\/\",\"name\":\"O que \u00e9 o Mensagens do Bem? - MDB\",\"isPartOf\":{\"@id\":\"https:\/\/mensagensdobem.com.br\/#website\"},\"datePublished\":\"2024-11-29T13:33:10+00:00\",\"dateModified\":\"2025-01-23T20:19:54+00:00\",\"breadcrumb\":{\"@id\":\"https:\/\/mensagensdobem.com.br\/about\/#breadcrumb\"},\"inLanguage\":\"tr\",\"potentialAction\":[{\"@type\":\"ReadAction\",\"target\":[\"https:\/\/mensagensdobem.com.br\/about\/\"]}]},{\"@type\":\"BreadcrumbList\",\"@id\":\"https:\/\/mensagensdobem.com.br\/about\/#breadcrumb\",\"itemListElement\":[{\"@type\":\"ListItem\",\"position\":1,\"name\":\"Home\",\"item\":\"https:\/\/mensagensdobem.com.br\/\"},{\"@type\":\"ListItem\",\"position\":2,\"name\":\"O que \u00e9 o Mensagens do Bem?\"}]},{\"@type\":\"WebSite\",\"@id\":\"https:\/\/mensagensdobem.com.br\/#website\",\"url\":\"https:\/\/mensagensdobem.com.br\/\",\"name\":\"MDB\",\"description\":\"\",\"potentialAction\":[{\"@type\":\"SearchAction\",\"target\":{\"@type\":\"EntryPoint\",\"urlTemplate\":\"https:\/\/mensagensdobem.com.br\/?s={search_term_string}\"},\"query-input\":\"required name=search_term_string\"}],\"inLanguage\":\"tr\"}]}<\/script>\n<!-- \/ Yoast SEO plugin. -->","yoast_head_json":{"title":"O que \u00e9 o Mensagens do Bem? - MDB","robots":{"index":"index","follow":"follow","max-snippet":"max-snippet:-1","max-image-preview":"max-image-preview:large","max-video-preview":"max-video-preview:-1"},"canonical":"https:\/\/mensagensdobem.com.br\/tr\/about\/","og_locale":"tr_TR","og_type":"article","og_title":"O que \u00e9 o Mensagens do Bem? - MDB","og_description":"Bem-vindo ao Mensagens do Bem, seu ref\u00fagio de positividade, tecnologia e inspira\u00e7\u00e3o! Aqui, destacamos o impacto das palavras e das a\u00e7\u00f5es, promovendo um ambiente onde o otimismo e a reflex\u00e3o s\u00e3o valorizados e onde buscamos ferramentas para trazer mais facilidade para o dia a dia. Explore um universo de conte\u00fados que transformam o cotidiano em&hellip; Continue reading O que \u00e9 o Mensagens do Bem?","og_url":"https:\/\/mensagensdobem.com.br\/tr\/about\/","og_site_name":"MDB","article_modified_time":"2025-01-23T20:19:54+00:00","twitter_card":"summary_large_image","twitter_misc":{"Est. reading time":"2 dakika"},"schema":{"@context":"https:\/\/schema.org","@graph":[{"@type":"WebPage","@id":"https:\/\/mensagensdobem.com.br\/about\/","url":"https:\/\/mensagensdobem.com.br\/about\/","name":"O que \u00e9 o Mensagens do Bem? - MDB","isPartOf":{"@id":"https:\/\/mensagensdobem.com.br\/#website"},"datePublished":"2024-11-29T13:33:10+00:00","dateModified":"2025-01-23T20:19:54+00:00","breadcrumb":{"@id":"https:\/\/mensagensdobem.com.br\/about\/#breadcrumb"},"inLanguage":"tr","potentialAction":[{"@type":"ReadAction","target":["https:\/\/mensagensdobem.com.br\/about\/"]}]},{"@type":"BreadcrumbList","@id":"https:\/\/mensagensdobem.com.br\/about\/#breadcrumb","itemListElement":[{"@type":"ListItem","position":1,"name":"Home","item":"https:\/\/mensagensdobem.com.br\/"},{"@type":"ListItem","position":2,"name":"O que \u00e9 o Mensagens do Bem?"}]},{"@type":"WebSite","@id":"https:\/\/mensagensdobem.com.br\/#website","url":"https:\/\/mensagensdobem.com.br\/","name":"MDB","description":"","potentialAction":[{"@type":"SearchAction","target":{"@type":"EntryPoint","urlTemplate":"https:\/\/mensagensdobem.com.br\/?s={search_term_string}"},"query-input":"required name=search_term_string"}],"inLanguage":"tr"}]}},"_links":{"self":[{"href":"https:\/\/mensagensdobem.com.br\/tr\/wp-json\/wp\/v2\/pages\/130"}],"collection":[{"href":"https:\/\/mensagensdobem.com.br\/tr\/wp-json\/wp\/v2\/pages"}],"about":[{"href":"https:\/\/mensagensdobem.com.br\/tr\/wp-json\/wp\/v2\/types\/page"}],"author":[{"embeddable":true,"href":"https:\/\/mensagensdobem.com.br\/tr\/wp-json\/wp\/v2\/users\/18"}],"replies":[{"embeddable":true,"href":"https:\/\/mensagensdobem.com.br\/tr\/wp-json\/wp\/v2\/comments?post=130"}],"version-history":[{"count":2,"href":"https:\/\/mensagensdobem.com.br\/tr\/wp-json\/wp\/v2\/pages\/130\/revisions"}],"predecessor-version":[{"id":522,"href":"https:\/\/mensagensdobem.com.br\/tr\/wp-json\/wp\/v2\/pages\/130\/revisions\/522"}],"wp:attachment":[{"href":"https:\/\/mensagensdobem.com.br\/tr\/wp-json\/wp\/v2\/media?parent=130"}],"curies":[{"name":"wp","href":"https:\/\/api.w.org\/{rel}","templated":true}]}}